{"id":1091,"date":"2024-03-26T05:07:40","date_gmt":"2024-03-26T12:07:40","guid":{"rendered":"https:\/\/phctorrance.org\/servicios\/educacion\/"},"modified":"2024-10-23T22:18:12","modified_gmt":"2024-10-24T05:18:12","slug":"educacion","status":"publish","type":"page","link":"https:\/\/phctorrance.org\/es\/servicios\/educacion\/","title":{"rendered":"Educaci\u00f3n"},"content":{"rendered":"\r\n<p>La vida ya es bastante dif\u00edcil, y cuando se a\u00f1ade un embarazo no planificado, puede llegar a ser totalmente abrumadora. Estamos aqu\u00ed para ayudarte con educaci\u00f3n para padres, clases de habilidades para la vida, programas de recuperaci\u00f3n y mucho m\u00e1s.<\/p>\r\n\r\n\r\n\r\n<p>Eche un vistazo a todo lo que podemos ofrecerle:<\/p>\r\n\r\n\r\n\r\n<h2 class=\"wp-block-heading\">Educaci\u00f3n para padres<\/h2>\r\n\r\n\r\n\r\n<p>Un padre informado es un padre preparado. Nuestras clases te llevan a trav\u00e9s de cada etapa de la crianza. Desde el embarazo hasta c\u00f3mo disciplinar a tu hijo; te tenemos cubierta. Aqu\u00ed tienes un vistazo a nuestras clases para padres:<\/p>\r\n\r\n\r\n\r\n<h3 class=\"wp-block-heading\">BrightCourse\u00ae Clases de v\u00eddeo en l\u00ednea<\/h3>\r\n\r\n\r\n\r\n<ul class=\"wp-block-list\">\r\n<li>V\u00eddeos cortos sobre diversos temas: embarazo, parto, cuidados del reci\u00e9n nacido, etc.<\/li>\r\n\r\n\r\n\r\n<li>Disponible s\u00f3lo para clientas <span class=\"\">del Centro de Ayuda a Embarazadas<\/span><\/li>\r\n\r\n\r\n\r\n<li>Para m\u00e1s informaci\u00f3n, p\u00f3ngase en contacto con Jeanine en el tel\u00e9fono (310) 320-8976 o env\u00ede un correo electr\u00f3nico <a href=\"mailto:brightcourse@phctorrance.org\" target=\"_blank\" rel=\"noreferrer noopener\">a brightcourse@phctorrance.org<\/a>.<\/li>\r\n<\/ul>\r\n\r\n\r\n\r\n<h3 class=\"wp-block-heading\">Clases virtuales para padres<\/h3>\r\n\r\n\r\n\r\n<ul class=\"wp-block-list\">\r\n<li>Aprender nuevos enfoques de la crianza de los hijos, incluida la forma de comunicarse eficazmente con ellos y reducir el estr\u00e9s en el hogar.<\/li>\r\n\r\n\r\n\r\n<li>Todos los padres y tutores son bienvenidos<\/li>\r\n\r\n\r\n\r\n<li>Sesiones en espa\u00f1ol disponibles<\/li>\r\n\r\n\r\n\r\n<li>Orden judicial aprobada<\/li>\r\n<li><a href=\"https:\/\/phctorrance.org\/es\/servicios\/educacion\/\" data-wpel-link=\"internal\">Detalles de las clases para padres aqu\u00ed<\/a><\/li>\r\n\r\n\r\n\r\n<li>Para m\u00e1s informaci\u00f3n, p\u00f3ngase en contacto con Luz en el (310) 320-8976 o env\u00ede un correo electr\u00f3nico <a href=\"mailto:parenting@phctorrance.org\" target=\"_blank\" rel=\"noreferrer noopener\">a parenting@phctorrance.org<\/a>.<\/li>\r\n<\/ul>\r\n\r\n\r\n\r\n<h3 class=\"wp-block-heading\">Taller de sillas de coche<\/h3>\r\n\r\n\r\n\r\n<ul class=\"wp-block-list\">\r\n<li>Patrocinado por el Hospital Infantil de Los \u00c1ngeles.<\/li>\r\n\r\n\r\n\r\n<li>Para programar una clase gratuita, llame a <strong>Chantel al 323-361-4720<\/strong><\/li>\r\n<\/ul>\r\n\r\n\r\n\r\n<h2 class=\"wp-block-heading\">Clases de habilidades para la vida<\/h2>\r\n\r\n\r\n\r\n<h3 class=\"wp-block-heading\">BrightCourse\u00ae Clases de v\u00eddeo en l\u00ednea<\/h3>\r\n\r\n\r\n\r\n<ul class=\"wp-block-list\">\r\n<li>V\u00eddeos cortos sobre diversos temas relacionados con la vida diaria, como presupuestos, c\u00f3mo llevar un talonario de cheques, nutrici\u00f3n, relaciones, etc.<\/li>\r\n\r\n\r\n\r\n<li>Disponible s\u00f3lo para clientas <span class=\"\">del Centro de Ayuda a Embarazadas<\/span><\/li>\r\n\r\n\r\n\r\n<li>Para m\u00e1s informaci\u00f3n, p\u00f3ngase en contacto con Jeanine en el tel\u00e9fono (310) 320-8976 o env\u00ede un correo electr\u00f3nico <a href=\"mailto:brightcourse@phctorrance.org\" target=\"_blank\" rel=\"noreferrer noopener\">a brightcourse@phctorrance.org<\/a>.<\/li>\r\n<\/ul>\r\n\r\n\r\n\r\n<h2 class=\"wp-block-heading\">Recuperaci\u00f3n postaborto<\/h2>\r\n\r\n\r\n\r\n<p>Muchas dicen sentir alivio inmediatamente despu\u00e9s de abortar, pero algunas empiezan a tener emociones negativas al cabo de semanas, meses o incluso a\u00f1os. Mujeres y hombres dicen luchar contra la ansiedad, la depresi\u00f3n, el sentimiento de p\u00e9rdida, la culpa o la verg\u00fcenza. Hay curaci\u00f3n y esperanza.<\/p>\r\n\r\n\r\n\r\n<p>Si est\u00e1s luchando contra una decisi\u00f3n de aborto anterior, obt\u00e9n m\u00e1s informaci\u00f3n sobre nuestro programa de recuperaci\u00f3n post-aborto. Proporcionamos un estudio post-aborto confidencial, basado en la Biblia o laico, para quienes necesitan sanaci\u00f3n. P\u00f3ngase en contacto con Debi en el (310) 320-8976 o env\u00ede un correo electr\u00f3nico <a href=\"mailto:dbryant@phctorrance.org\" target=\"_blank\" rel=\"noreferrer noopener\">a dbryant@phctorrance.org.<\/a><\/p>\r\n<h2>Reproductive Grief Loss<\/h2>\r\n<p><span style=\"font-weight: 400;\">Tras la p\u00e9rdida de un embarazo, es totalmente normal sentir conmoci\u00f3n, culpa, rabia y pena. Los d\u00edas, semanas y meses siguientes a esta p\u00e9rdida son dif\u00edciles. Por desgracia, a menudo existe un estigma en torno a hablar de la p\u00e9rdida del embarazo, es muy com\u00fan aislarse. \u00a1Estamos aqu\u00ed para ti! Estamos aqu\u00ed para proporcionarte esperanza y curaci\u00f3n en este momento tan dif\u00edcil de tu vida.<\/span><\/p>\r\n<p><span style=\"font-weight: 400;\">Si est\u00e1s luchando contra el duelo reproductivo, puedes obtener m\u00e1s informaci\u00f3n sobre nuestro programa de recuperaci\u00f3n. Proporcionamos un estudio confidencial sobre el duelo, basado en la Biblia o en la reproducci\u00f3n laica, para quienes necesitan sanaci\u00f3n. Ponte en contacto con Debi en el (310) 320-8976 o por correo electr\u00f3nico <\/span><a href=\"mailto:dbryant@phctorrance.org\" target=\"_blank\" rel=\"noopener\"><span style=\"font-weight: 400;\">dbryant@phctorrance.org<\/span><\/a><span style=\"font-weight: 400;\">.<\/span><\/p>\r\n","protected":false},"excerpt":{"rendered":"<p>El Centro de Ayuda a Embarazadas cree que una persona instruida est\u00e1 mejor preparada para afrontar los retos de la vida. Valoramos la educaci\u00f3n y hemos puesto a disposici\u00f3n de nuestros clientes varias clases gratuitas.<\/p>\n","protected":false},"author":1,"featured_media":1330,"parent":1044,"menu_order":4,"comment_status":"closed","ping_status":"closed","template":"","meta":{"_acf_changed":false,"footnotes":""},"class_list":["post-1091","page","type-page","status-publish","has-post-thumbnail","hentry"],"acf":[],"yoast_head":"<!-- This site is optimized with the Yoast SEO plugin v27.3 - https:\/\/yoast.com\/product\/yoast-seo-wordpress\/ -->\n<title>Educaci\u00f3n - Pregnancy Help Center - Torrance, CA<\/title>\n<meta name=\"description\" content=\"Read more about Educaci\u00f3n in this post. Pregnancy Help Center offers free and confidential pregnancy services. Contact us\" \/>\n<meta name=\"robots\" content=\"index, follow, max-snippet:-1, max-image-preview:large, max-video-preview:-1\" \/>\n<link rel=\"canonical\" href=\"https:\/\/phctorrance.org\/es\/servicios\/educacion\/\" \/>\n<meta property=\"og:locale\" content=\"es_ES\" \/>\n<meta property=\"og:type\" content=\"article\" \/>\n<meta property=\"og:title\" content=\"Educaci\u00f3n - Pregnancy Help Center - Torrance, CA\" \/>\n<meta property=\"og:description\" content=\"Read more about Educaci\u00f3n in this post. Pregnancy Help Center offers free and confidential pregnancy services. Contact us\" \/>\n<meta property=\"og:url\" content=\"https:\/\/phctorrance.org\/es\/servicios\/educacion\/\" \/>\n<meta property=\"og:site_name\" content=\"Pregnancy Help Center\" \/>\n<meta property=\"article:modified_time\" content=\"2024-10-24T05:18:12+00:00\" \/>\n<meta property=\"og:image\" content=\"https:\/\/phctorrance.org\/wp-content\/uploads\/2024\/05\/34-1.png\" \/>\n\t<meta property=\"og:image:width\" content=\"1920\" \/>\n\t<meta property=\"og:image:height\" content=\"1920\" \/>\n\t<meta property=\"og:image:type\" content=\"image\/png\" \/>\n<meta name=\"twitter:card\" content=\"summary_large_image\" \/>\n<meta name=\"twitter:label1\" content=\"Tiempo de lectura\" \/>\n\t<meta name=\"twitter:data1\" content=\"3 minutos\" \/>\n<!-- \/ Yoast SEO plugin. -->","yoast_head_json":{"title":"Educaci\u00f3n - Pregnancy Help Center - Torrance, CA","description":"Read more about Educaci\u00f3n in this post. Pregnancy Help Center offers free and confidential pregnancy services. Contact us","robots":{"index":"index","follow":"follow","max-snippet":"max-snippet:-1","max-image-preview":"max-image-preview:large","max-video-preview":"max-video-preview:-1"},"canonical":"https:\/\/phctorrance.org\/es\/servicios\/educacion\/","og_locale":"es_ES","og_type":"article","og_title":"Educaci\u00f3n - Pregnancy Help Center - Torrance, CA","og_description":"Read more about Educaci\u00f3n in this post. Pregnancy Help Center offers free and confidential pregnancy services. Contact us","og_url":"https:\/\/phctorrance.org\/es\/servicios\/educacion\/","og_site_name":"Pregnancy Help Center","article_modified_time":"2024-10-24T05:18:12+00:00","og_image":[{"width":1920,"height":1920,"url":"https:\/\/phctorrance.org\/wp-content\/uploads\/2024\/05\/34-1.png","type":"image\/png"}],"twitter_card":"summary_large_image","twitter_misc":{"Tiempo de lectura":"3 minutos"},"schema":{"@context":"https:\/\/schema.org","@graph":[{"@type":"WebPage","@id":"https:\/\/phctorrance.org\/es\/servicios\/educacion\/","url":"https:\/\/phctorrance.org\/es\/servicios\/educacion\/","name":"Educaci\u00f3n - Pregnancy Help Center - Torrance, CA","isPartOf":{"@id":"https:\/\/phctorrance.org\/#website"},"primaryImageOfPage":{"@id":"https:\/\/phctorrance.org\/es\/servicios\/educacion\/#primaryimage"},"image":{"@id":"https:\/\/phctorrance.org\/es\/servicios\/educacion\/#primaryimage"},"thumbnailUrl":"https:\/\/phctorrance.org\/wp-content\/uploads\/2024\/05\/34-1.png","datePublished":"2024-03-26T12:07:40+00:00","dateModified":"2024-10-24T05:18:12+00:00","description":"Read more about Educaci\u00f3n in this post. Pregnancy Help Center offers free and confidential pregnancy services. Contact us","breadcrumb":{"@id":"https:\/\/phctorrance.org\/es\/servicios\/educacion\/#breadcrumb"},"inLanguage":"es","potentialAction":[{"@type":"ReadAction","target":["https:\/\/phctorrance.org\/es\/servicios\/educacion\/"]}]},{"@type":"ImageObject","inLanguage":"es","@id":"https:\/\/phctorrance.org\/es\/servicios\/educacion\/#primaryimage","url":"https:\/\/phctorrance.org\/wp-content\/uploads\/2024\/05\/34-1.png","contentUrl":"https:\/\/phctorrance.org\/wp-content\/uploads\/2024\/05\/34-1.png","width":1920,"height":1920},{"@type":"BreadcrumbList","@id":"https:\/\/phctorrance.org\/es\/servicios\/educacion\/#breadcrumb","itemListElement":[{"@type":"ListItem","position":1,"name":"Home","item":"https:\/\/phctorrance.org\/es\/"},{"@type":"ListItem","position":2,"name":"Servicios","item":"https:\/\/phctorrance.org\/services\/"},{"@type":"ListItem","position":3,"name":"Educaci\u00f3n"}]},{"@type":"WebSite","@id":"https:\/\/phctorrance.org\/#website","url":"https:\/\/phctorrance.org\/","name":"Pregnancy Help Center","description":"","potentialAction":[{"@type":"SearchAction","target":{"@type":"EntryPoint","urlTemplate":"https:\/\/phctorrance.org\/?s={search_term_string}"},"query-input":{"@type":"PropertyValueSpecification","valueRequired":true,"valueName":"search_term_string"}}],"inLanguage":"es"}]}},"_links":{"self":[{"href":"https:\/\/phctorrance.org\/es\/wp-json\/wp\/v2\/pages\/1091","targetHints":{"allow":["GET"]}}],"collection":[{"href":"https:\/\/phctorrance.org\/es\/wp-json\/wp\/v2\/pages"}],"about":[{"href":"https:\/\/phctorrance.org\/es\/wp-json\/wp\/v2\/types\/page"}],"author":[{"embeddable":true,"href":"https:\/\/phctorrance.org\/es\/wp-json\/wp\/v2\/users\/1"}],"replies":[{"embeddable":true,"href":"https:\/\/phctorrance.org\/es\/wp-json\/wp\/v2\/comments?post=1091"}],"version-history":[{"count":1,"href":"https:\/\/phctorrance.org\/es\/wp-json\/wp\/v2\/pages\/1091\/revisions"}],"predecessor-version":[{"id":1879,"href":"https:\/\/phctorrance.org\/es\/wp-json\/wp\/v2\/pages\/1091\/revisions\/1879"}],"up":[{"embeddable":true,"href":"https:\/\/phctorrance.org\/es\/wp-json\/wp\/v2\/pages\/1044"}],"wp:featuredmedia":[{"embeddable":true,"href":"https:\/\/phctorrance.org\/es\/wp-json\/wp\/v2\/media\/1330"}],"wp:attachment":[{"href":"https:\/\/phctorrance.org\/es\/wp-json\/wp\/v2\/media?parent=1091"}],"curies":[{"name":"wp","href":"https:\/\/api.w.org\/{rel}","templated":true}]}}