{"id":1089,"date":"2024-03-26T05:08:48","date_gmt":"2024-03-26T12:08:48","guid":{"rendered":"https:\/\/phctorrance.org\/servicios\/para-hombres\/"},"modified":"2024-09-19T07:04:53","modified_gmt":"2024-09-19T07:04:53","slug":"para-hombres","status":"publish","type":"page","link":"https:\/\/phctorrance.org\/es\/servicios\/para-hombres\/","title":{"rendered":"Para hombres"},"content":{"rendered":"&#13;\n<h2 class=\"wp-block-heading\">\u00bfEst\u00e1 embarazada su pareja?<\/h2>&#13;\n&#13;\n<p>Tres peque\u00f1as palabras que pueden poner tu vida patas arriba. &#8220;Estoy embarazada.&#8221; La idea siempre te rond\u00f3 por la cabeza, pero nunca so\u00f1aste con o\u00edrsela decir.<\/p>&#13;\n&#13;\n<p>\u00bfY ahora qu\u00e9 haces? Tenemos algunos consejos para superarlo juntos:<\/p>&#13;\n&#13;\n<h2 class=\"wp-block-heading\">\u00bfHa confirmado su embarazo?<\/h2>&#13;\n&#13;\n<p>La ausencia de la menstruaci\u00f3n y un resultado positivo en la prueba de embarazo pueden no ser todo lo que necesitas para confirmar que est\u00e1 embarazada. Los expertos calculan que hasta <a href=\"https:\/\/www.ncbi.nlm.nih.gov\/books\/NBK532992\/#:~:text=The%20American%20College,12%20weeks%20gestation.\" target=\"_blank\" rel=\"noreferrer noopener nofollow external\" data-type=\"link\" data-id=\"https:\/\/www.ncbi.nlm.nih.gov\/books\/NBK532992\/#:~:text=The%20American%20College,12%20weeks%20gestation.\" data-wpel-link=\"external\">el 26% de los embarazos<\/a> acaban en aborto espont\u00e1neo. Es totalmente posible obtener un resultado positivo en una prueba de embarazo incluso despu\u00e9s de un aborto espont\u00e1neo. Que confirme el embarazo.<\/p>&#13;\n&#13;\n<p>Empieza por hacerte <a href=\"https:\/\/phctorrance.org\/es\/servicios\/pruebas-de-embarazo\/\" data-type=\"link\" data-id=\"https:\/\/phctorrance.org\/services\/pregnancy-testing\/\" data-wpel-link=\"internal\">pruebas de embarazo<\/a> gratuitas y confidenciales en el <span class=\"\">Centro de Ayuda a Embarazadas<\/span>. Si la prueba es positiva, podemos programarle una <a href=\"https:\/\/phctorrance.org\/es\/servicios\/ecografias\/\" data-type=\"link\" data-id=\"https:\/\/phctorrance.org\/services\/ultrasounds\/\" data-wpel-link=\"internal\">ecograf\u00eda<\/a>. Una ecograf\u00eda puede determinar si su embarazo est\u00e1 creciendo o si ha abortado. Tambi\u00e9n obtendr\u00e1 otra informaci\u00f3n valiosa.<\/p>&#13;\n&#13;\n<h2 class=\"wp-block-heading\">Analice sus opciones<\/h2>&#13;\n&#13;\n<p>Una vez que haya confirmado el embarazo, es hora de discutir tus opciones. Aunque no realizamos ni derivamos abortos, podemos darte informaci\u00f3n basada en pruebas sobre procedimientos, efectos secundarios y riesgos potenciales. Tambi\u00e9n le informaremos sobre c\u00f3mo hacer un plan de adopci\u00f3n o elegir ser padres.<\/p>&#13;\n&#13;\n<p>En \u00faltima instancia, c\u00f3mo llevar el embarazo es decisi\u00f3n de ella, pero tu opini\u00f3n importa. Hazle saber c\u00f3mo te sientes.<\/p>&#13;\n&#13;\n<h2 class=\"wp-block-heading\">Hable con ella<\/h2>&#13;\n&#13;\n<p>No te limites a hablar con ella de la situaci\u00f3n; esc\u00fachala tambi\u00e9n. Mantenga abiertas las l\u00edneas de comunicaci\u00f3n. No te retires emocionalmente y dile que haga lo que quiera. S\u00e9 sincero y hazle saber que est\u00e1s tan asustado como ella.<\/p>&#13;\n&#13;\n<p>Es esencial que hables tanto con tus padres como con otras personas afectadas por tu decisi\u00f3n. Puede que le sorprenda el apoyo que recibe.<\/p>&#13;\n&#13;\n<h2 class=\"wp-block-heading\">Hable con nosotros<\/h2>&#13;\n&#13;\n<p>Concierte <a href=\"https:\/\/phctorrance.org\/contact\/\" data-type=\"link\" data-id=\"https:\/\/phctorrance.org\/contact\/\" data-wpel-link=\"external\" target=\"_blank\" rel=\"nofollow external noopener noreferrer\">una cita<\/a> para hablar con uno de nuestros defensores del cliente. Nos preocupamos por lo que est\u00e1s pasando. Ll\u00e1menos al (310) 320-8976.<\/p>&#13;\n","protected":false},"excerpt":{"rendered":"<p>Un embarazo no planificado no afecta s\u00f3lo a la mujer. Su pareja tambi\u00e9n est\u00e1 afectada. Tanto si se trata de miedo, de pensamientos diferentes sobre c\u00f3mo manejarlo o de querer hacer lo correcto, estamos aqu\u00ed para ayudarte a lidiar tambi\u00e9n con tus sentimientos.<\/p>\n","protected":false},"author":1,"featured_media":1332,"parent":1044,"menu_order":5,"comment_status":"closed","ping_status":"closed","template":"","meta":{"_acf_changed":false,"footnotes":""},"class_list":["post-1089","page","type-page","status-publish","has-post-thumbnail","hentry"],"acf":[],"yoast_head":"<!-- This site is optimized with the Yoast SEO plugin v27.3 - https:\/\/yoast.com\/product\/yoast-seo-wordpress\/ -->\n<title>Para hombres - Pregnancy Help Center - Torrance, CA<\/title>\n<meta name=\"description\" content=\"Read more about Para hombres in this post. Pregnancy Help Center offers free and confidential pregnancy services. Contact us\" \/>\n<meta name=\"robots\" content=\"index, follow, max-snippet:-1, max-image-preview:large, max-video-preview:-1\" \/>\n<link rel=\"canonical\" href=\"https:\/\/phctorrance.org\/es\/servicios\/para-hombres\/\" \/>\n<meta property=\"og:locale\" content=\"es_ES\" \/>\n<meta property=\"og:type\" content=\"article\" \/>\n<meta property=\"og:title\" content=\"Para hombres - Pregnancy Help Center - Torrance, CA\" \/>\n<meta property=\"og:description\" content=\"Read more about Para hombres in this post. Pregnancy Help Center offers free and confidential pregnancy services. Contact us\" \/>\n<meta property=\"og:url\" content=\"https:\/\/phctorrance.org\/es\/servicios\/para-hombres\/\" \/>\n<meta property=\"og:site_name\" content=\"Pregnancy Help Center\" \/>\n<meta property=\"article:modified_time\" content=\"2024-09-19T07:04:53+00:00\" \/>\n<meta property=\"og:image\" content=\"https:\/\/phctorrance.org\/wp-content\/uploads\/2024\/05\/35-1.png\" \/>\n\t<meta property=\"og:image:width\" content=\"1920\" \/>\n\t<meta property=\"og:image:height\" content=\"1920\" \/>\n\t<meta property=\"og:image:type\" content=\"image\/png\" \/>\n<meta name=\"twitter:card\" content=\"summary_large_image\" \/>\n<meta name=\"twitter:label1\" content=\"Tiempo de lectura\" \/>\n\t<meta name=\"twitter:data1\" content=\"2 minutos\" \/>\n<!-- \/ Yoast SEO plugin. -->","yoast_head_json":{"title":"Para hombres - Pregnancy Help Center - Torrance, CA","description":"Read more about Para hombres in this post. Pregnancy Help Center offers free and confidential pregnancy services. Contact us","robots":{"index":"index","follow":"follow","max-snippet":"max-snippet:-1","max-image-preview":"max-image-preview:large","max-video-preview":"max-video-preview:-1"},"canonical":"https:\/\/phctorrance.org\/es\/servicios\/para-hombres\/","og_locale":"es_ES","og_type":"article","og_title":"Para hombres - Pregnancy Help Center - Torrance, CA","og_description":"Read more about Para hombres in this post. Pregnancy Help Center offers free and confidential pregnancy services. Contact us","og_url":"https:\/\/phctorrance.org\/es\/servicios\/para-hombres\/","og_site_name":"Pregnancy Help Center","article_modified_time":"2024-09-19T07:04:53+00:00","og_image":[{"width":1920,"height":1920,"url":"https:\/\/phctorrance.org\/wp-content\/uploads\/2024\/05\/35-1.png","type":"image\/png"}],"twitter_card":"summary_large_image","twitter_misc":{"Tiempo de lectura":"2 minutos"},"schema":{"@context":"https:\/\/schema.org","@graph":[{"@type":"WebPage","@id":"https:\/\/phctorrance.org\/es\/servicios\/para-hombres\/","url":"https:\/\/phctorrance.org\/es\/servicios\/para-hombres\/","name":"Para hombres - Pregnancy Help Center - Torrance, CA","isPartOf":{"@id":"https:\/\/phctorrance.org\/#website"},"primaryImageOfPage":{"@id":"https:\/\/phctorrance.org\/es\/servicios\/para-hombres\/#primaryimage"},"image":{"@id":"https:\/\/phctorrance.org\/es\/servicios\/para-hombres\/#primaryimage"},"thumbnailUrl":"https:\/\/phctorrance.org\/wp-content\/uploads\/2024\/05\/35-1.png","datePublished":"2024-03-26T12:08:48+00:00","dateModified":"2024-09-19T07:04:53+00:00","description":"Read more about Para hombres in this post. Pregnancy Help Center offers free and confidential pregnancy services. Contact us","breadcrumb":{"@id":"https:\/\/phctorrance.org\/es\/servicios\/para-hombres\/#breadcrumb"},"inLanguage":"es","potentialAction":[{"@type":"ReadAction","target":["https:\/\/phctorrance.org\/es\/servicios\/para-hombres\/"]}]},{"@type":"ImageObject","inLanguage":"es","@id":"https:\/\/phctorrance.org\/es\/servicios\/para-hombres\/#primaryimage","url":"https:\/\/phctorrance.org\/wp-content\/uploads\/2024\/05\/35-1.png","contentUrl":"https:\/\/phctorrance.org\/wp-content\/uploads\/2024\/05\/35-1.png","width":1920,"height":1920},{"@type":"BreadcrumbList","@id":"https:\/\/phctorrance.org\/es\/servicios\/para-hombres\/#breadcrumb","itemListElement":[{"@type":"ListItem","position":1,"name":"Home","item":"https:\/\/phctorrance.org\/es\/"},{"@type":"ListItem","position":2,"name":"Servicios","item":"https:\/\/phctorrance.org\/services\/"},{"@type":"ListItem","position":3,"name":"Para hombres"}]},{"@type":"WebSite","@id":"https:\/\/phctorrance.org\/#website","url":"https:\/\/phctorrance.org\/","name":"Pregnancy Help Center","description":"","potentialAction":[{"@type":"SearchAction","target":{"@type":"EntryPoint","urlTemplate":"https:\/\/phctorrance.org\/?s={search_term_string}"},"query-input":{"@type":"PropertyValueSpecification","valueRequired":true,"valueName":"search_term_string"}}],"inLanguage":"es"}]}},"_links":{"self":[{"href":"https:\/\/phctorrance.org\/es\/wp-json\/wp\/v2\/pages\/1089","targetHints":{"allow":["GET"]}}],"collection":[{"href":"https:\/\/phctorrance.org\/es\/wp-json\/wp\/v2\/pages"}],"about":[{"href":"https:\/\/phctorrance.org\/es\/wp-json\/wp\/v2\/types\/page"}],"author":[{"embeddable":true,"href":"https:\/\/phctorrance.org\/es\/wp-json\/wp\/v2\/users\/1"}],"replies":[{"embeddable":true,"href":"https:\/\/phctorrance.org\/es\/wp-json\/wp\/v2\/comments?post=1089"}],"version-history":[{"count":0,"href":"https:\/\/phctorrance.org\/es\/wp-json\/wp\/v2\/pages\/1089\/revisions"}],"up":[{"embeddable":true,"href":"https:\/\/phctorrance.org\/es\/wp-json\/wp\/v2\/pages\/1044"}],"wp:featuredmedia":[{"embeddable":true,"href":"https:\/\/phctorrance.org\/es\/wp-json\/wp\/v2\/media\/1332"}],"wp:attachment":[{"href":"https:\/\/phctorrance.org\/es\/wp-json\/wp\/v2\/media?parent=1089"}],"curies":[{"name":"wp","href":"https:\/\/api.w.org\/{rel}","templated":true}]}}