{"id":1087,"date":"2023-02-10T10:47:18","date_gmt":"2023-02-10T18:47:18","guid":{"rendered":"https:\/\/phctorrance.org\/servicios\/ecografias\/"},"modified":"2024-11-18T11:58:06","modified_gmt":"2024-11-18T19:58:06","slug":"ecografias","status":"publish","type":"page","link":"https:\/\/phctorrance.org\/es\/servicios\/ecografias\/","title":{"rendered":"Ecograf\u00edas"},"content":{"rendered":"&#13;\n<h2 class=\"wp-block-heading\">\u00bfPor qu\u00e9 necesito una ecograf\u00eda?<\/h2>&#13;\n&#13;\n<p>Una ecograf\u00eda te dar\u00e1 informaci\u00f3n espec\u00edfica sobre tu embarazo que te ayudar\u00e1 a determinar tus pr\u00f3ximos pasos. Nuestra ecograf\u00eda obst\u00e9trica limitada responder\u00e1 a estas tres preguntas esenciales:<\/p>&#13;\n&#13;\n<h3 class=\"wp-block-heading\">1. \u00bfEst\u00e1 creciendo mi embarazo o he abortado?<\/h3>&#13;\n&#13;\n<p>Los expertos calculan que hasta <a href=\"https:\/\/www.ncbi.nlm.nih.gov\/books\/NBK532992\/#:~:text=The%20American%20College,12%20weeks%20gestation.\" target=\"_blank\" rel=\"noreferrer noopener nofollow external\" data-type=\"link\" data-id=\"https:\/\/www.ncbi.nlm.nih.gov\/books\/NBK532992\/#:~:text=The%20American%20College,12%20weeks%20gestation.\" data-wpel-link=\"external\">el 26% de los embarazos<\/a> acaban en aborto espont\u00e1neo. Eso es m\u00e1s de uno de cada cuatro embarazos. Como las hormonas tardan un tiempo en volver a los niveles previos al embarazo, es posible obtener un <a href=\"https:\/\/health.clevelandclinic.org\/false-positive-pregnancy-test\/\" target=\"_blank\" rel=\"noreferrer noopener nofollow external\" data-type=\"link\" data-id=\"https:\/\/health.clevelandclinic.org\/false-positive-pregnancy-test\/\" data-wpel-link=\"external\">resultado<\/a> positivo en una prueba de embarazo d\u00edas o semanas despu\u00e9s de un aborto espont\u00e1neo.<\/p>&#13;\n&#13;\n<p>Una ecograf\u00eda determina si el embarazo est\u00e1 creciendo detectando un latido. Si no hay latido, o bien es demasiado pronto o bien has abortado.<\/p>&#13;\n&#13;\n<h3 class=\"wp-block-heading\">2. \u00bfEn qu\u00e9 fase del embarazo me encuentro?<\/h3>&#13;\n&#13;\n<p>Conocer la edad gestacional es especialmente importante si est\u00e1s pensando en <a href=\"https:\/\/phctorrance.org\/es\/opciones\/aborto\/\" data-type=\"link\" data-id=\"https:\/\/phctorrance.org\/options\/abortion\/\" data-wpel-link=\"internal\">abortar<\/a>. Aunque muchas mujeres utilizan aplicaciones de seguimiento de la menstruaci\u00f3n, <a href=\"https:\/\/www.ncbi.nlm.nih.gov\/pmc\/articles\/PMC8504278\/\" target=\"_blank\" rel=\"noreferrer noopener nofollow external\" data-type=\"link\" data-id=\"https:\/\/www.ncbi.nlm.nih.gov\/pmc\/articles\/PMC8504278\/\" data-wpel-link=\"external\">las investigaciones<\/a> revelan que no son tan fiables como ellas creen.<\/p>&#13;\n&#13;\n<p>La <a href=\"https:\/\/www.fda.gov\/drugs\/postmarket-drug-safety-information-patients-and-providers\/information-about-mifepristone-medical-termination-pregnancy-through-ten-weeks-gestation\" target=\"_blank\" rel=\"noreferrer noopener nofollow external\" data-type=\"link\" data-id=\"https:\/\/www.fda.gov\/drugs\/postmarket-drug-safety-information-patients-and-providers\/information-about-mifepristone-medical-termination-pregnancy-through-ten-weeks-gestation\" data-wpel-link=\"external\">FDA<\/a> aprueba el uso de f\u00e1rmacos abortivos s\u00f3lo hasta las 10 semanas de embarazo. \u00bfPor qu\u00e9? Los f\u00e1rmacos son menos eficaces cuanto m\u00e1s avanzado est\u00e1 el embarazo. Una ecograf\u00eda proporcionar\u00e1 una aproximaci\u00f3n m\u00e1s exacta de la edad gestacional.<\/p>&#13;\n&#13;\n<h3 class=\"wp-block-heading\">3. \u00bfSe est\u00e1 desarrollando el embarazo en el lugar correcto?<\/h3>&#13;\n&#13;\n<p>Cuando un embarazo se desarrolla fuera del \u00fatero, se conoce como <a href=\"https:\/\/www.mayoclinic.org\/diseases-conditions\/ectopic-pregnancy\/symptoms-causes\/syc-20372088\" target=\"_blank\" rel=\"noreferrer noopener nofollow external\" data-type=\"link\" data-id=\"https:\/\/www.mayoclinic.org\/diseases-conditions\/ectopic-pregnancy\/symptoms-causes\/syc-20372088\" data-wpel-link=\"external\">embarazo ect\u00f3pico<\/a>. Aunque es poco frecuente, un embarazo ect\u00f3pico es extremadamente peligroso y puede incluso poner en peligro la vida. Si detecta alguno, acuda inmediatamente a su m\u00e9dico.<\/p>&#13;\n&#13;\n<h2 class=\"wp-block-heading\">\u00bfC\u00f3mo puedo obtener una ecograf\u00eda gratuita?<\/h2>&#13;\n&#13;\n<p>El primer paso es concertar una cita para <a href=\"https:\/\/phctorrance.org\/es\/servicios\/pruebas-de-embarazo\/\" data-type=\"link\" data-id=\"https:\/\/phctorrance.org\/services\/pregnancy-testing\/\" data-wpel-link=\"internal\">someterse a una prueba de embarazo<\/a> gratuita. Nuestros servicios de ecograf\u00eda s\u00f3lo est\u00e1n disponibles para las clientas cualificadas del Centro de Ayuda a Embarazadas que ya se hayan hecho una prueba de embarazo en la cl\u00ednica y hayan obtenido un resultado positivo.<\/p>&#13;\n&#13;\n<p>Una enfermera diplomada (RN) le har\u00e1 una ecograf\u00eda si est\u00e1 embarazada de al menos seis semanas. La enfermera determina si usted es candidata a la ecograf\u00eda. S\u00f3lo se realiza una ecograf\u00eda por cliente.<\/p>&#13;\n&#13;\n<p>La ecograf\u00eda puede realizarse o no en la misma visita que la prueba de embarazo, pero intentaremos programarla lo m\u00e1s cerca posible. Tenga en cuenta que el centro no utiliza ecograf\u00edas para determinar el sexo de su beb\u00e9.<\/p>&#13;\n&#13;\n<p>\n          <em>\n            <strong>Si est\u00e1s embarazada y ya has acudido al m\u00e9dico, consulta con \u00e9l los servicios de ecograf\u00eda de que disponen.<\/strong>\n          <\/em>\n        <\/p>&#13;\n","protected":false},"excerpt":{"rendered":"<p>\u00bfPor qu\u00e9 es necesaria una ecograf\u00eda? Una ecograf\u00eda confirma el embarazo y proporciona informaci\u00f3n muy necesaria para tomar una decisi\u00f3n segura.<\/p>\n","protected":false},"author":2,"featured_media":1001,"parent":1044,"menu_order":2,"comment_status":"closed","ping_status":"closed","template":"","meta":{"_acf_changed":false,"footnotes":""},"class_list":["post-1087","page","type-page","status-publish","has-post-thumbnail","hentry"],"acf":[],"yoast_head":"<!-- This site is optimized with the Yoast SEO plugin v27.4 - https:\/\/yoast.com\/product\/yoast-seo-wordpress\/ -->\n<title>Ecograf\u00edas - Pregnancy Help Center - Torrance, CA<\/title>\n<meta name=\"description\" content=\"Read more about Ecograf\u00edas in this post. Pregnancy Help Center offers free and confidential pregnancy services. Contact us\" \/>\n<meta name=\"robots\" content=\"index, follow, max-snippet:-1, max-image-preview:large, max-video-preview:-1\" \/>\n<link rel=\"canonical\" href=\"https:\/\/phctorrance.org\/services\/ultrasounds\/\" \/>\n<meta property=\"og:locale\" content=\"es_ES\" \/>\n<meta property=\"og:type\" content=\"article\" \/>\n<meta property=\"og:title\" content=\"Ecograf\u00edas - Pregnancy Help Center - Torrance, CA\" \/>\n<meta property=\"og:description\" content=\"Read more about Ecograf\u00edas in this post. Pregnancy Help Center offers free and confidential pregnancy services. Contact us\" \/>\n<meta property=\"og:url\" content=\"https:\/\/phctorrance.org\/services\/ultrasounds\/\" \/>\n<meta property=\"og:site_name\" content=\"Pregnancy Help Center\" \/>\n<meta property=\"article:modified_time\" content=\"2024-11-18T19:58:06+00:00\" \/>\n<meta name=\"twitter:card\" content=\"summary_large_image\" \/>\n<meta name=\"twitter:label1\" content=\"Tiempo de lectura\" \/>\n\t<meta name=\"twitter:data1\" content=\"2 minutos\" \/>\n<!-- \/ Yoast SEO plugin. -->","yoast_head_json":{"title":"Ecograf\u00edas - Pregnancy Help Center - Torrance, CA","description":"Read more about Ecograf\u00edas in this post. Pregnancy Help Center offers free and confidential pregnancy services. Contact us","robots":{"index":"index","follow":"follow","max-snippet":"max-snippet:-1","max-image-preview":"max-image-preview:large","max-video-preview":"max-video-preview:-1"},"canonical":"https:\/\/phctorrance.org\/services\/ultrasounds\/","og_locale":"es_ES","og_type":"article","og_title":"Ecograf\u00edas - Pregnancy Help Center - Torrance, CA","og_description":"Read more about Ecograf\u00edas in this post. Pregnancy Help Center offers free and confidential pregnancy services. Contact us","og_url":"https:\/\/phctorrance.org\/services\/ultrasounds\/","og_site_name":"Pregnancy Help Center","article_modified_time":"2024-11-18T19:58:06+00:00","twitter_card":"summary_large_image","twitter_misc":{"Tiempo de lectura":"2 minutos"},"schema":{"@context":"https:\/\/schema.org","@graph":[{"@type":"WebPage","@id":"https:\/\/phctorrance.org\/services\/ultrasounds\/","url":"https:\/\/phctorrance.org\/services\/ultrasounds\/","name":"Ecograf\u00edas - Pregnancy Help Center - Torrance, CA","isPartOf":{"@id":"https:\/\/phctorrance.org\/#website"},"primaryImageOfPage":{"@id":"https:\/\/phctorrance.org\/services\/ultrasounds\/#primaryimage"},"image":{"@id":"https:\/\/phctorrance.org\/services\/ultrasounds\/#primaryimage"},"thumbnailUrl":"https:\/\/phctorrance.org\/wp-content\/uploads\/2022\/08\/ultrasound.svg","datePublished":"2023-02-10T18:47:18+00:00","dateModified":"2024-11-18T19:58:06+00:00","description":"Read more about Ecograf\u00edas in this post. Pregnancy Help Center offers free and confidential pregnancy services. Contact us","breadcrumb":{"@id":"https:\/\/phctorrance.org\/services\/ultrasounds\/#breadcrumb"},"inLanguage":"es","potentialAction":[{"@type":"ReadAction","target":["https:\/\/phctorrance.org\/services\/ultrasounds\/"]}]},{"@type":"ImageObject","inLanguage":"es","@id":"https:\/\/phctorrance.org\/services\/ultrasounds\/#primaryimage","url":"https:\/\/phctorrance.org\/wp-content\/uploads\/2022\/08\/ultrasound.svg","contentUrl":"https:\/\/phctorrance.org\/wp-content\/uploads\/2022\/08\/ultrasound.svg"},{"@type":"BreadcrumbList","@id":"https:\/\/phctorrance.org\/services\/ultrasounds\/#breadcrumb","itemListElement":[{"@type":"ListItem","position":1,"name":"Home","item":"https:\/\/phctorrance.org\/es\/"},{"@type":"ListItem","position":2,"name":"Servicios","item":"https:\/\/phctorrance.org\/services\/"},{"@type":"ListItem","position":3,"name":"Ecograf\u00edas"}]},{"@type":"WebSite","@id":"https:\/\/phctorrance.org\/#website","url":"https:\/\/phctorrance.org\/","name":"Pregnancy Help Center","description":"","potentialAction":[{"@type":"SearchAction","target":{"@type":"EntryPoint","urlTemplate":"https:\/\/phctorrance.org\/?s={search_term_string}"},"query-input":{"@type":"PropertyValueSpecification","valueRequired":true,"valueName":"search_term_string"}}],"inLanguage":"es"}]}},"_links":{"self":[{"href":"https:\/\/phctorrance.org\/es\/wp-json\/wp\/v2\/pages\/1087","targetHints":{"allow":["GET"]}}],"collection":[{"href":"https:\/\/phctorrance.org\/es\/wp-json\/wp\/v2\/pages"}],"about":[{"href":"https:\/\/phctorrance.org\/es\/wp-json\/wp\/v2\/types\/page"}],"author":[{"embeddable":true,"href":"https:\/\/phctorrance.org\/es\/wp-json\/wp\/v2\/users\/2"}],"replies":[{"embeddable":true,"href":"https:\/\/phctorrance.org\/es\/wp-json\/wp\/v2\/comments?post=1087"}],"version-history":[{"count":1,"href":"https:\/\/phctorrance.org\/es\/wp-json\/wp\/v2\/pages\/1087\/revisions"}],"predecessor-version":[{"id":1934,"href":"https:\/\/phctorrance.org\/es\/wp-json\/wp\/v2\/pages\/1087\/revisions\/1934"}],"up":[{"embeddable":true,"href":"https:\/\/phctorrance.org\/es\/wp-json\/wp\/v2\/pages\/1044"}],"wp:featuredmedia":[{"embeddable":true,"href":"https:\/\/phctorrance.org\/es\/wp-json\/wp\/v2\/media\/1001"}],"wp:attachment":[{"href":"https:\/\/phctorrance.org\/es\/wp-json\/wp\/v2\/media?parent=1087"}],"curies":[{"name":"wp","href":"https:\/\/api.w.org\/{rel}","templated":true}]}}