{"id":1081,"date":"2021-05-27T06:34:27","date_gmt":"2021-05-27T13:34:27","guid":{"rendered":"https:\/\/phctorrance.org\/opciones\/ser-padres\/"},"modified":"2024-09-19T07:05:58","modified_gmt":"2024-09-19T07:05:58","slug":"ser-padres","status":"publish","type":"page","link":"https:\/\/phctorrance.org\/es\/opciones\/ser-padres\/","title":{"rendered":"Ser padres"},"content":{"rendered":"&#13;\n<h2 class=\"wp-block-heading\">\u00bfHa pensado en ser padre?<\/h2>&#13;\n&#13;\n<p>Puede que la paternidad se te pasara por la cabeza cuando te diste cuenta de que estabas embarazada inesperadamente, pero no estabas segura de que fuera posible. \u00bfAdivina qu\u00e9? Con los recursos y el apoyo adecuados, la paternidad puede ser una opci\u00f3n factible.<\/p>&#13;\n&#13;\n<p>Ser padre es una de las experiencias m\u00e1s abrumadoras y gratificantes que se pueden vivir. Hay muchas cuestiones que considerar. Preg\u00fantese lo siguiente:<\/p>&#13;\n\r\n<ul class=\"wp-block-list\">&#13;\n<li>\u00bfMis padres o mi pareja apoyar\u00e1n mi decisi\u00f3n de ser madre?<\/li>&#13;\n\r\n\r\n&#13;\n<li>\u00bfC\u00f3mo se lo digo a mis padres?<\/li>&#13;\n\r\n\r\n&#13;\n<li>\u00bfY si mi pareja no quiere el beb\u00e9, pero yo s\u00ed?<\/li>&#13;\n\r\n\r\n&#13;\n<li>\u00bfPuedo continuar mis estudios o mi carrera?<\/li>&#13;\n\r\n\r\n&#13;\n<li>\u00bfC\u00f3mo puedo permitirme criar a un ni\u00f1o?<\/li>&#13;\n\r\n\r\n&#13;\n<li>\u00bfD\u00f3nde viviremos?<\/li>&#13;\n\r\n\r\n&#13;\n<li>\u00bfTendr\u00e9 vida social si soy madre?<\/li>&#13;\n<\/ul>\r\n&#13;\n<p>Son preguntas excelentes, y podemos ayudarte a responderlas. <a href=\"https:\/\/phctorrance.org\/contact\/\" data-type=\"link\" data-id=\"https:\/\/phctorrance.org\/contact\/\" data-wpel-link=\"external\" target=\"_blank\" rel=\"nofollow external noopener noreferrer\">Programa una cita<\/a> con uno de nuestros atentos defensores del cliente.<\/p>&#13;\n&#13;\n<h2 class=\"wp-block-heading\">\u00bfQu\u00e9 ayuda ofrece el <span class=\"\">Centro de Ayuda a Embarazadas<\/span>?<\/h2>&#13;\n&#13;\n<p>Hemos hablado con miles de clientes que tienen preguntas y preocupaciones similares. Muchas mujeres que eligen esta opci\u00f3n encuentran las respuestas que necesitan para criar a un hijo y seguir persiguiendo sus objetivos y sue\u00f1os vitales.<\/p>&#13;\n&#13;\n<p>M\u00e1s que nada, queremos que sepas que no tienes que afrontar tu embarazo sola. Te apoyaremos en el camino.<\/p>&#13;\n&#13;\n<p>Adem\u00e1s de proporcionar apoyo emocional, tambi\u00e9n ofrecemos clases educativas:<\/p>&#13;\n&#13;\n<h3 class=\"wp-block-heading\">BrightCourse\u00ae Clases de v\u00eddeo en l\u00ednea<\/h3>&#13;\n\r\n<ul class=\"wp-block-list\">&#13;\n<li>V\u00eddeos cortos sobre diversos temas, desde el embarazo hasta las habilidades para la vida diaria<\/li>&#13;\n\r\n\r\n&#13;\n<li>Disponible s\u00f3lo para clientas <span class=\"\">del Centro de Ayuda a Embarazadas<\/span> <\/li>&#13;\n\r\n\r\n&#13;\n<li>Para m\u00e1s informaci\u00f3n, p\u00f3ngase en contacto con Jeanine en el tel\u00e9fono (310) 320-8976 o env\u00ede un correo electr\u00f3nico <a href=\"mailto:brightcourse@phctorrance.org\" target=\"_blank\" rel=\"noreferrer noopener\">a brightcourse@phctorrance.org<\/a>.<\/li>&#13;\n<\/ul>\r\n&#13;\n<h3 class=\"wp-block-heading\">Clases virtuales para padres<\/h3>&#13;\n\r\n<ul class=\"wp-block-list\">&#13;\n<li>Aprender nuevos m\u00e9todos de crianza<\/li>&#13;\n\r\n\r\n&#13;\n<li>Todos los padres y tutores son bienvenidos<\/li>&#13;\n\r\n\r\n&#13;\n<li>Sesiones en espa\u00f1ol disponibles<\/li>&#13;\n\r\n\r\n&#13;\n<li>Orden judicial aprobada<\/li>&#13;\n\r\n\r\n&#13;\n<li>Para m\u00e1s informaci\u00f3n, p\u00f3ngase en contacto con Luz en el (310) 320-8976 o env\u00ede un correo electr\u00f3nico <a href=\"mailto:parenting@phctorrance.org\" target=\"_blank\" rel=\"noreferrer noopener\">a parenting@phctorrance.org<\/a>.<\/li>&#13;\n<\/ul>\r\n&#13;\n<h2 class=\"wp-block-heading\">Remisiones a servicios externos<\/h2>&#13;\n&#13;\n<p>Sabemos que tiene muchas necesidades cuando decide ser padre, por lo que le remitimos a diversos servicios adicionales como los siguientes:<\/p>&#13;\n\r\n<ul class=\"wp-block-list\">&#13;\n<li>Preparaci\u00f3n al parto y otras clases<\/li>&#13;\n\r\n\r\n&#13;\n<li>Servicios m\u00e9dicos adicionales<\/li>&#13;\n\r\n\r\n&#13;\n<li>Servicios jur\u00eddicos<\/li>&#13;\n\r\n\r\n&#13;\n<li>Viviendas de maternidad<\/li>&#13;\n\r\n\r\n&#13;\n<li>Art\u00edculos de puericultura<\/li>&#13;\n\r\n\r\n&#13;\n<li>Relaci\u00f3n profesional y asesoramiento personal<\/li>&#13;\n\r\n\r\n&#13;\n<li>Asesoramiento sobre abuso de sustancias<\/li>&#13;\n\r\n\r\n<\/ul>\r\n&#13;\n<h2 class=\"wp-block-heading\">\u00bfC\u00f3mo puedo saber si puedo ser padre o madre?<\/h2>&#13;\n&#13;\n<p>La mejor manera de empezar es hablar con nosotros sobre su situaci\u00f3n actual. Mientras hablamos, podemos ofrecerle referencias para ayudarle. California ocupa actualmente <a href=\"https:\/\/worldpopulationreview.com\/state-rankings\/single-mom-friendly-states\" target=\"_blank\" rel=\"noreferrer noopener nofollow external\" data-type=\"link\" data-id=\"https:\/\/worldpopulationreview.com\/state-rankings\/single-mom-friendly-states\" data-wpel-link=\"external\"> el primer puesto entre los estados m\u00e1s acogedores<\/a> para las madres solteras de todo el pa\u00eds. Encontrar\u00e1 recursos para ayudas al alquiler, servicios p\u00fablicos, atenci\u00f3n sanitaria, facturas m\u00e9dicas, alimentos y otras ayudas econ\u00f3micas.<\/p>&#13;\n&#13;\n<p>No planificado no significa imposible. Perm\u00edtanos ayudarle.<\/p>&#13;\n&#13;\n<p><strong><em>La informaci\u00f3n presentada en este sitio web est\u00e1 destinada exclusivamente a la educaci\u00f3n general y no debe utilizarse como sustituto del asesoramiento profesional o m\u00e9dico. No practicamos ni derivamos abortos. No nos beneficiamos de ninguna de sus decisiones sobre salud sexual o embarazo.<\/em><\/strong><\/p>&#13;\n","protected":false},"excerpt":{"rendered":"<p>Puede que pienses que no tienes recursos para criar a tu hijo, pero puede que te sorprenda la cantidad de ayuda disponible. Podemos proporcionar ayuda y referencias.<\/p>\n","protected":false},"author":1,"featured_media":1011,"parent":1038,"menu_order":0,"comment_status":"closed","ping_status":"closed","template":"","meta":{"_acf_changed":false,"footnotes":""},"class_list":["post-1081","page","type-page","status-publish","has-post-thumbnail","hentry"],"acf":[],"yoast_head":"<!-- This site is optimized with the Yoast SEO plugin v27.4 - https:\/\/yoast.com\/product\/yoast-seo-wordpress\/ -->\n<title>Ser padres - Pregnancy Help Center - Torrance, CA<\/title>\n<meta name=\"description\" content=\"Read more about Ser padres in this post. Pregnancy Help Center offers free and confidential pregnancy services. Contact us\" \/>\n<meta name=\"robots\" content=\"index, follow, max-snippet:-1, max-image-preview:large, max-video-preview:-1\" \/>\n<link rel=\"canonical\" href=\"https:\/\/phctorrance.org\/options\/parenting\/\" \/>\n<meta property=\"og:locale\" content=\"es_ES\" \/>\n<meta property=\"og:type\" content=\"article\" \/>\n<meta property=\"og:title\" content=\"Ser padres - Pregnancy Help Center - Torrance, CA\" \/>\n<meta property=\"og:description\" content=\"Read more about Ser padres in this post. Pregnancy Help Center offers free and confidential pregnancy services. Contact us\" \/>\n<meta property=\"og:url\" content=\"https:\/\/phctorrance.org\/options\/parenting\/\" \/>\n<meta property=\"og:site_name\" content=\"Pregnancy Help Center\" \/>\n<meta property=\"article:modified_time\" content=\"2024-09-19T07:05:58+00:00\" \/>\n<meta property=\"og:image\" content=\"https:\/\/phctorrance.org\/wp-content\/uploads\/2022\/08\/parenting-option.jpg\" \/>\n\t<meta property=\"og:image:width\" content=\"1464\" \/>\n\t<meta property=\"og:image:height\" content=\"1470\" \/>\n\t<meta property=\"og:image:type\" content=\"image\/jpeg\" \/>\n<meta name=\"twitter:card\" content=\"summary_large_image\" \/>\n<meta name=\"twitter:label1\" content=\"Tiempo de lectura\" \/>\n\t<meta name=\"twitter:data1\" content=\"3 minutos\" \/>\n<!-- \/ Yoast SEO plugin. -->","yoast_head_json":{"title":"Ser padres - Pregnancy Help Center - Torrance, CA","description":"Read more about Ser padres in this post. Pregnancy Help Center offers free and confidential pregnancy services. Contact us","robots":{"index":"index","follow":"follow","max-snippet":"max-snippet:-1","max-image-preview":"max-image-preview:large","max-video-preview":"max-video-preview:-1"},"canonical":"https:\/\/phctorrance.org\/options\/parenting\/","og_locale":"es_ES","og_type":"article","og_title":"Ser padres - Pregnancy Help Center - Torrance, CA","og_description":"Read more about Ser padres in this post. Pregnancy Help Center offers free and confidential pregnancy services. Contact us","og_url":"https:\/\/phctorrance.org\/options\/parenting\/","og_site_name":"Pregnancy Help Center","article_modified_time":"2024-09-19T07:05:58+00:00","og_image":[{"width":1464,"height":1470,"url":"https:\/\/phctorrance.org\/wp-content\/uploads\/2022\/08\/parenting-option.jpg","type":"image\/jpeg"}],"twitter_card":"summary_large_image","twitter_misc":{"Tiempo de lectura":"3 minutos"},"schema":{"@context":"https:\/\/schema.org","@graph":[{"@type":"WebPage","@id":"https:\/\/phctorrance.org\/options\/parenting\/","url":"https:\/\/phctorrance.org\/options\/parenting\/","name":"Ser padres - Pregnancy Help Center - Torrance, CA","isPartOf":{"@id":"https:\/\/phctorrance.org\/#website"},"primaryImageOfPage":{"@id":"https:\/\/phctorrance.org\/options\/parenting\/#primaryimage"},"image":{"@id":"https:\/\/phctorrance.org\/options\/parenting\/#primaryimage"},"thumbnailUrl":"https:\/\/phctorrance.org\/wp-content\/uploads\/2022\/08\/parenting-option.jpg","datePublished":"2021-05-27T13:34:27+00:00","dateModified":"2024-09-19T07:05:58+00:00","description":"Read more about Ser padres in this post. Pregnancy Help Center offers free and confidential pregnancy services. Contact us","breadcrumb":{"@id":"https:\/\/phctorrance.org\/options\/parenting\/#breadcrumb"},"inLanguage":"es","potentialAction":[{"@type":"ReadAction","target":["https:\/\/phctorrance.org\/options\/parenting\/"]}]},{"@type":"ImageObject","inLanguage":"es","@id":"https:\/\/phctorrance.org\/options\/parenting\/#primaryimage","url":"https:\/\/phctorrance.org\/wp-content\/uploads\/2022\/08\/parenting-option.jpg","contentUrl":"https:\/\/phctorrance.org\/wp-content\/uploads\/2022\/08\/parenting-option.jpg","width":1464,"height":1470},{"@type":"BreadcrumbList","@id":"https:\/\/phctorrance.org\/options\/parenting\/#breadcrumb","itemListElement":[{"@type":"ListItem","position":1,"name":"Home","item":"https:\/\/phctorrance.org\/es\/"},{"@type":"ListItem","position":2,"name":"Opciones","item":"https:\/\/phctorrance.org\/options\/"},{"@type":"ListItem","position":3,"name":"Ser padres"}]},{"@type":"WebSite","@id":"https:\/\/phctorrance.org\/#website","url":"https:\/\/phctorrance.org\/","name":"Pregnancy Help Center","description":"","potentialAction":[{"@type":"SearchAction","target":{"@type":"EntryPoint","urlTemplate":"https:\/\/phctorrance.org\/?s={search_term_string}"},"query-input":{"@type":"PropertyValueSpecification","valueRequired":true,"valueName":"search_term_string"}}],"inLanguage":"es"}]}},"_links":{"self":[{"href":"https:\/\/phctorrance.org\/es\/wp-json\/wp\/v2\/pages\/1081","targetHints":{"allow":["GET"]}}],"collection":[{"href":"https:\/\/phctorrance.org\/es\/wp-json\/wp\/v2\/pages"}],"about":[{"href":"https:\/\/phctorrance.org\/es\/wp-json\/wp\/v2\/types\/page"}],"author":[{"embeddable":true,"href":"https:\/\/phctorrance.org\/es\/wp-json\/wp\/v2\/users\/1"}],"replies":[{"embeddable":true,"href":"https:\/\/phctorrance.org\/es\/wp-json\/wp\/v2\/comments?post=1081"}],"version-history":[{"count":0,"href":"https:\/\/phctorrance.org\/es\/wp-json\/wp\/v2\/pages\/1081\/revisions"}],"up":[{"embeddable":true,"href":"https:\/\/phctorrance.org\/es\/wp-json\/wp\/v2\/pages\/1038"}],"wp:featuredmedia":[{"embeddable":true,"href":"https:\/\/phctorrance.org\/es\/wp-json\/wp\/v2\/media\/1011"}],"wp:attachment":[{"href":"https:\/\/phctorrance.org\/es\/wp-json\/wp\/v2\/media?parent=1081"}],"curies":[{"name":"wp","href":"https:\/\/api.w.org\/{rel}","templated":true}]}}