{"id":1077,"date":"2024-03-27T07:32:03","date_gmt":"2024-03-27T14:32:03","guid":{"rendered":"https:\/\/phctorrance.org\/quienes-somos\/"},"modified":"2024-11-18T11:57:58","modified_gmt":"2024-11-18T19:57:58","slug":"quienes-somos","status":"publish","type":"page","link":"https:\/\/phctorrance.org\/es\/quienes-somos\/","title":{"rendered":"Qui\u00e9nes somos"},"content":{"rendered":"\n<h2 class=\"wp-block-heading\">Nuestro objetivo<\/h2>\n\n<p>Nuestro objetivo es ofrecer un lugar seguro y atento a todas las mujeres que se enfrentan a un embarazo inesperado. Somos una cl\u00ednica m\u00e9dica autorizada por el Estado de California como Cl\u00ednica Comunitaria de California.  <\/p>\n\n<p>Como organizaci\u00f3n sin \u00e1nimo de lucro 501(c)(3) de Torrance, California, llevamos m\u00e1s de 47 a\u00f1os ofreciendo servicios gratuitos en South Bay. Todos los servicios m\u00e9dicos son prestados por profesionales licenciados.  <\/p>\n\n<h2 class=\"wp-block-heading\">Servicios gratuitos y confidenciales<\/h2>\n\n<p>Gracias a la generosidad de nuestra comunidad, todos nuestros servicios son gratuitos:<\/p>\n\n<ul class=\"wp-block-list\">\n<li>Pruebas de embarazo<\/li>\n\n\n\n<li>Ecograf\u00edas obst\u00e9tricas limitadas<\/li>\n\n\n\n<li>Pruebas de ITS<\/li>\n\n\n\n<li>Informaci\u00f3n m\u00e9dica basada en pruebas<\/li>\n\n\n\n<li>Ayuda para solicitar Medi-Cal<\/li>\n\n\n\n<li>Consultas sobre opciones con asesores formados en aborto, adopci\u00f3n y paternidad.<\/li>\n\n\n\n<li>Educaci\u00f3n para padres<\/li>\n\n\n\n<li>Formaci\u00f3n para la vida<\/li>\n\n\n\n<li>Recuperaci\u00f3n postaborto<\/li>\n<\/ul>\n\n<h2 class=\"wp-block-heading\">Nuestro compromiso<\/h2>\n\n<p>Ofrecemos un entorno seguro, sin presiones ni juicios. A todos los clientes se les garantiza lo siguiente:<\/p>\n\n<ul class=\"wp-block-list\">\n<li>Servicio sin distinci\u00f3n de edad, raza, ingresos, nacionalidad, afiliaci\u00f3n religiosa, discapacidad u otras circunstancias arbitrarias.<\/li>\n\n\n\n<li>Amabilidad y compasi\u00f3n de forma cari\u00f1osa<\/li>\n\n\n\n<li>Respuestas sinceras y comunicaci\u00f3n veraz<\/li>\n\n\n\n<li>Todas las pruebas y ex\u00e1menes se administran de conformidad con la legislaci\u00f3n vigente.<\/li>\n\n\n\n<li>Confianza estricta y absoluta. La informaci\u00f3n de los clientes s\u00f3lo se divulga cuando lo exige la ley y cuando es necesario para proteger al cliente o a otras personas de un da\u00f1o inminente.<\/li>\n\n\n\n<li>Educaci\u00f3n sobre el aborto basada en pruebas, aunque <strong>\n  <em>no realizamos ni derivamos abortos<\/em>\n<\/strong><\/li>\n\n\n\n<li>Un entorno seguro<\/li>\n\n\n\n<li>Cumplimiento de los requisitos legales y reglamentarios aplicables en materia de empleo, recaudaci\u00f3n de fondos, gesti\u00f3n financiera, fiscalidad y divulgaci\u00f3n p\u00fablica.<\/li>\n\n\n\n<li>Los servicios m\u00e9dicos se prestan de conformidad con todas las leyes aplicables y de acuerdo con las normas m\u00e9dicas pertinentes bajo la supervisi\u00f3n y direcci\u00f3n de un m\u00e9dico colegiado.<\/li>\n\n\n\n<li>Educaci\u00f3n basada en pruebas sobre el embarazo, el desarrollo fetal, el estilo de vida y otros temas relacionados.<\/li>\n\n\n\n<li>Personal formado, miembros del consejo y voluntarios que se comprometen a respetar nuestras normas.<\/li>\n<\/ul>\n\n<p><\/p>\n\n<p>Solicite citas <a href=\"https:\/\/phctorrance.org\/es\/pongase-en-contacto-con\/\" data-type=\"link\" data-id=\"https:\/\/phctorrance.org\/contact\/\" target=\"_blank\" rel=\"noreferrer noopener\" data-wpel-link=\"internal\">en nuestro sitio web<\/a> o llamando al 310-787-HELP (4357).<\/p>\n\n<p><em><strong>Si crees que tienes una urgencia m\u00e9dica o psiqui\u00e1trica, llama al 911 o acude al hospital m\u00e1s cercano. No intente acceder a atenci\u00f3n de urgencia a trav\u00e9s de este sitio web.<\/strong><\/em><\/p>\n","protected":false},"excerpt":{"rendered":"<p>Nuestro objetivo Nuestro objetivo es ofrecer un lugar seguro y atento a todas las mujeres que se enfrentan a un embarazo inesperado. Somos una cl\u00ednica m\u00e9dica autorizada por el Estado de California como Cl\u00ednica Comunitaria de California. Como organizaci\u00f3n sin \u00e1nimo de lucro 501(c)(3) de Torrance, California, llevamos m\u00e1s de 47 a\u00f1os ofreciendo servicios gratuitos<\/p>\n","protected":false},"author":1,"featured_media":0,"parent":0,"menu_order":0,"comment_status":"closed","ping_status":"closed","template":"","meta":{"_acf_changed":false,"footnotes":""},"class_list":["post-1077","page","type-page","status-publish","hentry"],"acf":[],"yoast_head":"<!-- This site is optimized with the Yoast SEO plugin v27.3 - https:\/\/yoast.com\/product\/yoast-seo-wordpress\/ -->\n<title>Qui\u00e9nes somos - Pregnancy Help Center - Torrance, CA<\/title>\n<meta name=\"description\" content=\"Read more about Qui\u00e9nes somos in this post. Pregnancy Help Center offers free and confidential pregnancy services. Contact us\" \/>\n<meta name=\"robots\" content=\"index, follow, max-snippet:-1, max-image-preview:large, max-video-preview:-1\" \/>\n<link rel=\"canonical\" href=\"https:\/\/phctorrance.org\/es\/quienes-somos\/\" \/>\n<meta property=\"og:locale\" content=\"es_ES\" \/>\n<meta property=\"og:type\" content=\"article\" \/>\n<meta property=\"og:title\" content=\"Qui\u00e9nes somos - Pregnancy Help Center - Torrance, CA\" \/>\n<meta property=\"og:description\" content=\"Read more about Qui\u00e9nes somos in this post. Pregnancy Help Center offers free and confidential pregnancy services. Contact us\" \/>\n<meta property=\"og:url\" content=\"https:\/\/phctorrance.org\/es\/quienes-somos\/\" \/>\n<meta property=\"og:site_name\" content=\"Pregnancy Help Center\" \/>\n<meta property=\"article:modified_time\" content=\"2024-11-18T19:57:58+00:00\" \/>\n<meta name=\"twitter:card\" content=\"summary_large_image\" \/>\n<meta name=\"twitter:label1\" content=\"Tiempo de lectura\" \/>\n\t<meta name=\"twitter:data1\" content=\"2 minutos\" \/>\n<!-- \/ Yoast SEO plugin. -->","yoast_head_json":{"title":"Qui\u00e9nes somos - Pregnancy Help Center - Torrance, CA","description":"Read more about Qui\u00e9nes somos in this post. Pregnancy Help Center offers free and confidential pregnancy services. Contact us","robots":{"index":"index","follow":"follow","max-snippet":"max-snippet:-1","max-image-preview":"max-image-preview:large","max-video-preview":"max-video-preview:-1"},"canonical":"https:\/\/phctorrance.org\/es\/quienes-somos\/","og_locale":"es_ES","og_type":"article","og_title":"Qui\u00e9nes somos - Pregnancy Help Center - Torrance, CA","og_description":"Read more about Qui\u00e9nes somos in this post. Pregnancy Help Center offers free and confidential pregnancy services. Contact us","og_url":"https:\/\/phctorrance.org\/es\/quienes-somos\/","og_site_name":"Pregnancy Help Center","article_modified_time":"2024-11-18T19:57:58+00:00","twitter_card":"summary_large_image","twitter_misc":{"Tiempo de lectura":"2 minutos"},"schema":{"@context":"https:\/\/schema.org","@graph":[{"@type":"WebPage","@id":"https:\/\/phctorrance.org\/es\/quienes-somos\/","url":"https:\/\/phctorrance.org\/es\/quienes-somos\/","name":"Qui\u00e9nes somos - Pregnancy Help Center - Torrance, CA","isPartOf":{"@id":"https:\/\/phctorrance.org\/#website"},"datePublished":"2024-03-27T14:32:03+00:00","dateModified":"2024-11-18T19:57:58+00:00","description":"Read more about Qui\u00e9nes somos in this post. Pregnancy Help Center offers free and confidential pregnancy services. Contact us","breadcrumb":{"@id":"https:\/\/phctorrance.org\/es\/quienes-somos\/#breadcrumb"},"inLanguage":"es","potentialAction":[{"@type":"ReadAction","target":["https:\/\/phctorrance.org\/es\/quienes-somos\/"]}]},{"@type":"BreadcrumbList","@id":"https:\/\/phctorrance.org\/es\/quienes-somos\/#breadcrumb","itemListElement":[{"@type":"ListItem","position":1,"name":"Home","item":"https:\/\/phctorrance.org\/es\/"},{"@type":"ListItem","position":2,"name":"Qui\u00e9nes somos"}]},{"@type":"WebSite","@id":"https:\/\/phctorrance.org\/#website","url":"https:\/\/phctorrance.org\/","name":"Pregnancy Help Center","description":"","potentialAction":[{"@type":"SearchAction","target":{"@type":"EntryPoint","urlTemplate":"https:\/\/phctorrance.org\/?s={search_term_string}"},"query-input":{"@type":"PropertyValueSpecification","valueRequired":true,"valueName":"search_term_string"}}],"inLanguage":"es"}]}},"_links":{"self":[{"href":"https:\/\/phctorrance.org\/es\/wp-json\/wp\/v2\/pages\/1077","targetHints":{"allow":["GET"]}}],"collection":[{"href":"https:\/\/phctorrance.org\/es\/wp-json\/wp\/v2\/pages"}],"about":[{"href":"https:\/\/phctorrance.org\/es\/wp-json\/wp\/v2\/types\/page"}],"author":[{"embeddable":true,"href":"https:\/\/phctorrance.org\/es\/wp-json\/wp\/v2\/users\/1"}],"replies":[{"embeddable":true,"href":"https:\/\/phctorrance.org\/es\/wp-json\/wp\/v2\/comments?post=1077"}],"version-history":[{"count":1,"href":"https:\/\/phctorrance.org\/es\/wp-json\/wp\/v2\/pages\/1077\/revisions"}],"predecessor-version":[{"id":1935,"href":"https:\/\/phctorrance.org\/es\/wp-json\/wp\/v2\/pages\/1077\/revisions\/1935"}],"wp:attachment":[{"href":"https:\/\/phctorrance.org\/es\/wp-json\/wp\/v2\/media?parent=1077"}],"curies":[{"name":"wp","href":"https:\/\/api.w.org\/{rel}","templated":true}]}}