{"id":1058,"date":"2022-08-19T07:08:51","date_gmt":"2022-08-19T07:08:51","guid":{"rendered":"https:\/\/phctorrance.org\/conocer-mi-estado\/"},"modified":"2024-04-05T12:56:22","modified_gmt":"2024-04-05T12:56:22","slug":"conocer-mi-estado","status":"publish","type":"page","link":"https:\/\/phctorrance.org\/es\/conocer-mi-estado\/","title":{"rendered":"Conocer mi Estado"},"content":{"rendered":"\n<h2 class=\"wp-block-heading\">Restricciones al aborto en California<\/h2>\n\n<p>El aborto es legal en California antes de la viabilidad. Un m\u00e9dico determina que un embarazo es &#8220;viable&#8221; cuando el feto puede vivir fuera del \u00fatero sin medidas m\u00e9dicas extremas. Tambi\u00e9n puede abortar en California en cualquier momento para proteger su vida o su salud.<\/p>\n\n<h2 class=\"wp-block-heading\">Entrega segura<\/h2>\n\n<p>En el estado de California, la ley permite a los padres o a la persona que tenga la custodia legal de un beb\u00e9 RENDIRSE DE FORMA SEGURA (entregar) a un beb\u00e9 de forma confidencial y sin temor a ser procesado (acci\u00f3n legal) en las 72 horas siguientes al nacimiento. Esta ley ofrece una <a href=\"https:\/\/lacounty.gov\/residents\/public-safety\/baby-safe-surrender-program\/\" data-type=\"link\" data-id=\"https:\/\/lacounty.gov\/residents\/public-safety\/baby-safe-surrender-program\/\" data-wpel-link=\"external\" target=\"_blank\" rel=\"nofollow external noopener noreferrer\">alternativa segura<\/a> a las madres que no quieren o no pueden quedarse con sus hijos reci\u00e9n nacidos.<\/p>\n\n<p><\/p>\n","protected":false},"excerpt":{"rendered":"<p>Restricciones al aborto en California El aborto es legal en California antes de la viabilidad. Un m\u00e9dico determina que un embarazo es &#8220;viable&#8221; cuando el feto puede vivir fuera del \u00fatero sin medidas m\u00e9dicas extremas. Tambi\u00e9n puede abortar en California en cualquier momento para proteger su vida o su salud. Entrega segura En el estado<\/p>\n","protected":false},"author":2,"featured_media":0,"parent":0,"menu_order":0,"comment_status":"closed","ping_status":"closed","template":"","meta":{"_acf_changed":false,"footnotes":""},"class_list":["post-1058","page","type-page","status-publish","hentry"],"acf":[],"yoast_head":"<!-- This site is optimized with the Yoast SEO plugin v27.4 - https:\/\/yoast.com\/product\/yoast-seo-wordpress\/ -->\n<title>Conocer mi Estado - Pregnancy Help Center - Torrance, CA<\/title>\n<meta name=\"description\" content=\"Read more about Conocer mi Estado in this post. Pregnancy Help Center offers free and confidential pregnancy services. Contact us\" \/>\n<meta name=\"robots\" content=\"index, follow, max-snippet:-1, max-image-preview:large, max-video-preview:-1\" \/>\n<link rel=\"canonical\" href=\"https:\/\/phctorrance.org\/es\/conocer-mi-estado\/\" \/>\n<meta property=\"og:locale\" content=\"es_ES\" \/>\n<meta property=\"og:type\" content=\"article\" \/>\n<meta property=\"og:title\" content=\"Conocer mi Estado - Pregnancy Help Center - Torrance, CA\" \/>\n<meta property=\"og:description\" content=\"Read more about Conocer mi Estado in this post. Pregnancy Help Center offers free and confidential pregnancy services. Contact us\" \/>\n<meta property=\"og:url\" content=\"https:\/\/phctorrance.org\/es\/conocer-mi-estado\/\" \/>\n<meta property=\"og:site_name\" content=\"Pregnancy Help Center\" \/>\n<meta property=\"article:modified_time\" content=\"2024-04-05T12:56:22+00:00\" \/>\n<meta name=\"twitter:card\" content=\"summary_large_image\" \/>\n<meta name=\"twitter:label1\" content=\"Tiempo de lectura\" \/>\n\t<meta name=\"twitter:data1\" content=\"1 minuto\" \/>\n<!-- \/ Yoast SEO plugin. -->","yoast_head_json":{"title":"Conocer mi Estado - Pregnancy Help Center - Torrance, CA","description":"Read more about Conocer mi Estado in this post. Pregnancy Help Center offers free and confidential pregnancy services. Contact us","robots":{"index":"index","follow":"follow","max-snippet":"max-snippet:-1","max-image-preview":"max-image-preview:large","max-video-preview":"max-video-preview:-1"},"canonical":"https:\/\/phctorrance.org\/es\/conocer-mi-estado\/","og_locale":"es_ES","og_type":"article","og_title":"Conocer mi Estado - Pregnancy Help Center - Torrance, CA","og_description":"Read more about Conocer mi Estado in this post. Pregnancy Help Center offers free and confidential pregnancy services. Contact us","og_url":"https:\/\/phctorrance.org\/es\/conocer-mi-estado\/","og_site_name":"Pregnancy Help Center","article_modified_time":"2024-04-05T12:56:22+00:00","twitter_card":"summary_large_image","twitter_misc":{"Tiempo de lectura":"1 minuto"},"schema":{"@context":"https:\/\/schema.org","@graph":[{"@type":"WebPage","@id":"https:\/\/phctorrance.org\/es\/conocer-mi-estado\/","url":"https:\/\/phctorrance.org\/es\/conocer-mi-estado\/","name":"Conocer mi Estado - Pregnancy Help Center - Torrance, CA","isPartOf":{"@id":"https:\/\/phctorrance.org\/#website"},"datePublished":"2022-08-19T07:08:51+00:00","dateModified":"2024-04-05T12:56:22+00:00","description":"Read more about Conocer mi Estado in this post. Pregnancy Help Center offers free and confidential pregnancy services. Contact us","breadcrumb":{"@id":"https:\/\/phctorrance.org\/es\/conocer-mi-estado\/#breadcrumb"},"inLanguage":"es","potentialAction":[{"@type":"ReadAction","target":["https:\/\/phctorrance.org\/es\/conocer-mi-estado\/"]}]},{"@type":"BreadcrumbList","@id":"https:\/\/phctorrance.org\/es\/conocer-mi-estado\/#breadcrumb","itemListElement":[{"@type":"ListItem","position":1,"name":"Home","item":"https:\/\/phctorrance.org\/es\/"},{"@type":"ListItem","position":2,"name":"Conocer mi Estado"}]},{"@type":"WebSite","@id":"https:\/\/phctorrance.org\/#website","url":"https:\/\/phctorrance.org\/","name":"Pregnancy Help Center","description":"","potentialAction":[{"@type":"SearchAction","target":{"@type":"EntryPoint","urlTemplate":"https:\/\/phctorrance.org\/?s={search_term_string}"},"query-input":{"@type":"PropertyValueSpecification","valueRequired":true,"valueName":"search_term_string"}}],"inLanguage":"es"}]}},"_links":{"self":[{"href":"https:\/\/phctorrance.org\/es\/wp-json\/wp\/v2\/pages\/1058","targetHints":{"allow":["GET"]}}],"collection":[{"href":"https:\/\/phctorrance.org\/es\/wp-json\/wp\/v2\/pages"}],"about":[{"href":"https:\/\/phctorrance.org\/es\/wp-json\/wp\/v2\/types\/page"}],"author":[{"embeddable":true,"href":"https:\/\/phctorrance.org\/es\/wp-json\/wp\/v2\/users\/2"}],"replies":[{"embeddable":true,"href":"https:\/\/phctorrance.org\/es\/wp-json\/wp\/v2\/comments?post=1058"}],"version-history":[{"count":0,"href":"https:\/\/phctorrance.org\/es\/wp-json\/wp\/v2\/pages\/1058\/revisions"}],"wp:attachment":[{"href":"https:\/\/phctorrance.org\/es\/wp-json\/wp\/v2\/media?parent=1058"}],"curies":[{"name":"wp","href":"https:\/\/api.w.org\/{rel}","templated":true}]}}