{"id":1056,"date":"2021-05-27T06:31:32","date_gmt":"2021-05-27T13:31:32","guid":{"rendered":"https:\/\/phctorrance.org\/opciones\/aborto\/"},"modified":"2025-12-01T13:19:34","modified_gmt":"2025-12-01T21:19:34","slug":"aborto","status":"publish","type":"page","link":"https:\/\/phctorrance.org\/es\/opciones\/aborto\/","title":{"rendered":"Aborto"},"content":{"rendered":"&#13;\n<h2 class=\"wp-block-heading\">\u00bfDeber\u00edas hacerte un aborto?<\/h2>&#13;\n&#13;\n<p>Cuando se enfrentan a un embarazo no planificado, muchas mujeres piensan en conseguir un aborto. Sin embargo, los abortos pueden tener complicaciones f\u00edsicas y emocionales. Prep\u00e1rate antes de tomar esa decisi\u00f3n.<\/p>&#13;\n&#13;\n<p>Queremos que tomes una decisi\u00f3n basada en informaci\u00f3n de los hechos. Si quieres saber m\u00e1s, no temas ponerte<a href=\"https:\/\/phctorrance.org\/contact\/\" data-type=\"link\" data-id=\"https:\/\/phctorrance.org\/contact\/\" data-wpel-link=\"external\" target=\"_blank\" rel=\"nofollow external noopener noreferrer\"> en contacto con nosotros<\/a>.<\/p>&#13;\n&#13;\n<h2 class=\"wp-block-heading\">Procedimientos de aborto<\/h2>&#13;\n&#13;\n<p>Aunque no practicamos ni hacemos referencias a los abortos, ofrecemos educaci\u00f3n m\u00e9dica basada en pruebas y consultas de enfermer\u00eda sobre procedimientos, efectos secundarios y posibles riesgos.<\/p>&#13;\n&#13;\n<p>Existen dos tipos de procedimientos abortivos: farmacol\u00f3gico (m\u00e9dico) y quir\u00fargico. El tiempo que has estado embarazada suele determinar el procedimiento que puedes obtener.<\/p>&#13;\n&#13;\n<h3 class=\"wp-block-heading\">Aborto m\u00e9dico (tambi\u00e9n conocido como m\u00e9todo de la p\u00edldora abortiva)<\/h3>&#13;\n&#13;\n<p>La <a href=\"https:\/\/www.fda.gov\/drugs\/postmarket-drug-safety-information-patients-and-providers\/information-about-mifepristone-medical-termination-pregnancy-through-ten-weeks-gestation\" target=\"_blank\" rel=\"noreferrer noopener nofollow external\" data-type=\"link\" data-id=\"https:\/\/www.fda.gov\/drugs\/postmarket-drug-safety-information-patients-and-providers\/information-about-mifepristone-medical-termination-pregnancy-through-ten-weeks-gestation\" data-wpel-link=\"external\">FDA<\/a> aprueba el uso de este m\u00e9todo s\u00f3lo hasta las 10 semanas de embarazo (70 d\u00edas a partir del primer d\u00eda de la \u00faltima regla). Otros <a href=\"https:\/\/www.mayoclinic.org\/tests-procedures\/medical-abortion\/about\/pac-20394687\" target=\"_blank\" rel=\"noreferrer noopener nofollow external\" data-type=\"link\" data-id=\"https:\/\/www.mayoclinic.org\/tests-procedures\/medical-abortion\/about\/pac-20394687\" data-wpel-link=\"external\">expertos<\/a> han advertido contra el uso de este m\u00e9todo pasadas las nueve semanas.<\/p>&#13;\n&#13;\n<p>\u00bfPor qu\u00e9 se limita el tiempo para utilizar el m\u00e9todo de la p\u00edldora abortiva? Seg\u00fan la FDA, cuanto m\u00e1s avanzado est\u00e9 el embarazo, menos eficaces son los f\u00e1rmacos. Es esencial saber el cuanto tiempo has estado embarazada.<\/p>&#13;\n&#13;\n<p>Los abortos m\u00e9dicos utilizan dos f\u00e1rmacos, mifepristona y misoprostol, para interrumpir el embarazo. El primer f\u00e1rmaco, la mifepristona, bloquea la progesterona, interrumpiendo el embarazo. El misoprostol, el segundo f\u00e1rmaco, provoca contracciones para eliminar el embarazo del cuerpo.<\/p>&#13;\n&#13;\n<h3 class=\"wp-block-heading\">Aborto quir\u00fargico<\/h3>&#13;\n&#13;\n<p>El grado de gestaci\u00f3n determinar\u00e1 el tipo de aborto quir\u00fargico que necesitar\u00e1s. Los embarazos precoces (12 semanas o menos) requieren aspiraci\u00f3n al vac\u00edo o por succi\u00f3n.<\/p>&#13;\n&#13;\n<p>El proveedor de abortos utiliza instrumentos quir\u00fargicos como una cureta (una herramienta para raspar) para extraer el embarazo o f\u00f3rceps para extraer las partes m\u00e1s grandes.<\/p>&#13;\n&#13;\n<p>Los abortos quir\u00fargicos suelen implicar la dilataci\u00f3n (apertura) del cuello uterino (la parte que conduce al \u00fatero) y alg\u00fan tipo de anestesia.<\/p>&#13;\n&#13;\n<h2 class=\"wp-block-heading\">Efectos secundarios y riesgos del aborto<\/h2>&#13;\n&#13;\n<p>Cada forma de aborto conlleva algunas hemorragias y calambres. Sin embargo, existen otros efectos secundarios y riesgos espec\u00edficos de los abortos m\u00e9dicos y quir\u00fargicos.<\/p>&#13;\n&#13;\n<h3 class=\"wp-block-heading\">Efectos secundarios de la p\u00edldora abortiva<\/h3>&#13;\n\r\n<ul class=\"wp-block-list\">&#13;\n<li>N\u00e1useas<\/li>&#13;\n\r\n\r\n&#13;\n<li>V\u00f3mitos<\/li>&#13;\n\r\n\r\n&#13;\n<li>Fiebre<\/li>&#13;\n\r\n\r\n&#13;\n<li>Escalofr\u00edos<\/li>&#13;\n\r\n\r\n&#13;\n<li>Diarrea<\/li>&#13;\n\r\n\r\n&#13;\n<li>Dolor de cabeza<\/li>&#13;\n<\/ul>\r\n&#13;\n<h3 class=\"wp-block-heading\">Los riesgos de la p\u00edldora abortiva<\/h3>&#13;\n\r\n<ul class=\"wp-block-list\">&#13;\n<li>Aborto incompleto, que puede requerir un aborto quir\u00fargico.<\/li>&#13;\n\r\n\r\n&#13;\n<li>La continuaci\u00f3n de un embarazo si el procedimiento no funciona<\/li>&#13;\n\r\n\r\n&#13;\n<li>Hemorragia intensa y prolongada<\/li>&#13;\n\r\n\r\n&#13;\n<li>Infecci\u00f3n<\/li>&#13;\n\r\n\r\n&#13;\n<li>Fiebre<\/li>&#13;\n\r\n\r\n&#13;\n<li>Malestar digestivo<\/li>&#13;\n<\/ul>\r\n&#13;\n<h3 class=\"wp-block-heading\">Efectos secundarios de la cirug\u00eda<\/h3>&#13;\n\r\n<ul class=\"wp-block-list\">&#13;\n<li>Calambres<\/li>&#13;\n\r\n\r\n&#13;\n<li>Manchado o sangrado leve<\/li>&#13;\n<\/ul>\r\n&#13;\n<h3 class=\"wp-block-heading\">Riesgos quir\u00fargicos<\/h3>&#13;\n\r\n<ul class=\"wp-block-list\">&#13;\n<li>Puede producirse una perforaci\u00f3n uterina (un peque\u00f1o desgarro en el \u00fatero) si uno de los instrumentos quir\u00fargicos atraviesa la pared uterina<\/li>&#13;\n\r\n\r\n&#13;\n<li>Infecci\u00f3n<\/li>&#13;\n\r\n\r\n&#13;\n<li>Hemorragias, que pueden ser intensas, incluyendo grandes co\u00e1gulos de sangre<\/li>&#13;\n\r\n\r\n&#13;\n<li>Vientre sensible o doloroso<\/li>&#13;\n\r\n\r\n&#13;\n<li>Fiebre<\/li>&#13;\n\r\n\r\n&#13;\n<li>Flujo vaginal inusual o maloliente<\/li>&#13;\n<\/ul>\r\n&#13;\n<h2 class=\"wp-block-heading\">Qu\u00e9 hacer antes de un aborto<\/h2>&#13;\n&#13;\n<p>Tienes que confirmar tu embarazo antes de optar por el aborto. Visita el Pregnancy Help Center para hacerte una prueba de embarazo gratuita y una ecograf\u00eda.*<\/p>&#13;\n&#13;\n<p>Al hacerte una ecograf\u00eda, sabr\u00e1s la edad gestacional (lo avanzado que est\u00e1 el embarazo), la localizaci\u00f3n del embarazo (si se est\u00e1 desarrollando en el \u00fatero) y si el embarazo contin\u00faa o si has tenido un aborto espont\u00e1neo; toda informaci\u00f3n esencial que debes saber de antemano.<\/p>&#13;\n&#13;\n<p>Haz su <a href=\"https:\/\/phctorrance.org\/contact\/\" data-type=\"link\" data-id=\"https:\/\/phctorrance.org\/contact\/\" data-wpel-link=\"external\" target=\"_blank\" rel=\"nofollow external noopener noreferrer\">cita<\/a> hoy.<\/p>&#13;\n<p>*S\u00f3lo para clientes cualificados.<\/p>&#13;\n&#13;\n<p><strong><em>La informaci\u00f3n presentada en este sitio web est\u00e1 destinada exclusivamente a la educaci\u00f3n general y no debe utilizarse como sustituto del asesoramiento profesional o m\u00e9dico. No practicamos ni hacemos referencias a los abortos. No nos beneficiamos de ningunas de tus decisiones sobre su salud sexual o tu embarazo.<\/em><\/strong><\/p>&#13;\n","protected":false},"excerpt":{"rendered":"<p>Si est\u00e1s pensando en abortar, es fundamental que te informes sobre cu\u00e1l procedimiento es indicado para ti, los efectos secundarios, y los riesgos posibles. Podemos darte informaci\u00f3n m\u00e9dica basada en pruebas y hechos para que est\u00e9s preparada. <\/p>\n","protected":false},"author":1,"featured_media":1009,"parent":1038,"menu_order":0,"comment_status":"closed","ping_status":"closed","template":"","meta":{"_acf_changed":false,"footnotes":""},"class_list":["post-1056","page","type-page","status-publish","has-post-thumbnail","hentry"],"acf":[],"yoast_head":"<!-- This site is optimized with the Yoast SEO plugin v27.3 - https:\/\/yoast.com\/product\/yoast-seo-wordpress\/ -->\n<title>Aborto - Pregnancy Help Center - Torrance, CA<\/title>\n<meta name=\"description\" content=\"\u00bfTe confunde el aborto? Inf\u00f3rmate, conoce los riesgos y las opciones reales antes de decidir. Protege tu salud con informaci\u00f3n confiable.\" \/>\n<meta name=\"robots\" content=\"index, follow, max-snippet:-1, max-image-preview:large, max-video-preview:-1\" \/>\n<link rel=\"canonical\" href=\"https:\/\/phctorrance.org\/es\/opciones\/aborto\/\" \/>\n<meta property=\"og:locale\" content=\"es_ES\" \/>\n<meta property=\"og:type\" content=\"article\" \/>\n<meta property=\"og:title\" content=\"Aborto - Pregnancy Help Center - Torrance, CA\" \/>\n<meta property=\"og:description\" content=\"\u00bfTe confunde el aborto? Inf\u00f3rmate, conoce los riesgos y las opciones reales antes de decidir. Protege tu salud con informaci\u00f3n confiable.\" \/>\n<meta property=\"og:url\" content=\"https:\/\/phctorrance.org\/es\/opciones\/aborto\/\" \/>\n<meta property=\"og:site_name\" content=\"Pregnancy Help Center\" \/>\n<meta property=\"article:modified_time\" content=\"2025-12-01T21:19:34+00:00\" \/>\n<meta property=\"og:image\" content=\"https:\/\/phctorrance.org\/wp-content\/uploads\/2022\/08\/abortion-option.jpg\" \/>\n\t<meta property=\"og:image:width\" content=\"1466\" \/>\n\t<meta property=\"og:image:height\" content=\"1468\" \/>\n\t<meta property=\"og:image:type\" content=\"image\/jpeg\" \/>\n<meta name=\"twitter:card\" content=\"summary_large_image\" \/>\n<meta name=\"twitter:label1\" content=\"Tiempo de lectura\" \/>\n\t<meta name=\"twitter:data1\" content=\"3 minutos\" \/>\n<!-- \/ Yoast SEO plugin. -->","yoast_head_json":{"title":"Aborto - Pregnancy Help Center - Torrance, CA","description":"\u00bfTe confunde el aborto? Inf\u00f3rmate, conoce los riesgos y las opciones reales antes de decidir. Protege tu salud con informaci\u00f3n confiable.","robots":{"index":"index","follow":"follow","max-snippet":"max-snippet:-1","max-image-preview":"max-image-preview:large","max-video-preview":"max-video-preview:-1"},"canonical":"https:\/\/phctorrance.org\/es\/opciones\/aborto\/","og_locale":"es_ES","og_type":"article","og_title":"Aborto - Pregnancy Help Center - Torrance, CA","og_description":"\u00bfTe confunde el aborto? Inf\u00f3rmate, conoce los riesgos y las opciones reales antes de decidir. Protege tu salud con informaci\u00f3n confiable.","og_url":"https:\/\/phctorrance.org\/es\/opciones\/aborto\/","og_site_name":"Pregnancy Help Center","article_modified_time":"2025-12-01T21:19:34+00:00","og_image":[{"width":1466,"height":1468,"url":"https:\/\/phctorrance.org\/wp-content\/uploads\/2022\/08\/abortion-option.jpg","type":"image\/jpeg"}],"twitter_card":"summary_large_image","twitter_misc":{"Tiempo de lectura":"3 minutos"},"schema":{"@context":"https:\/\/schema.org","@graph":[{"@type":"WebPage","@id":"https:\/\/phctorrance.org\/es\/opciones\/aborto\/","url":"https:\/\/phctorrance.org\/es\/opciones\/aborto\/","name":"Aborto - Pregnancy Help Center - Torrance, CA","isPartOf":{"@id":"https:\/\/phctorrance.org\/#website"},"primaryImageOfPage":{"@id":"https:\/\/phctorrance.org\/es\/opciones\/aborto\/#primaryimage"},"image":{"@id":"https:\/\/phctorrance.org\/es\/opciones\/aborto\/#primaryimage"},"thumbnailUrl":"https:\/\/phctorrance.org\/wp-content\/uploads\/2022\/08\/abortion-option.jpg","datePublished":"2021-05-27T13:31:32+00:00","dateModified":"2025-12-01T21:19:34+00:00","description":"\u00bfTe confunde el aborto? Inf\u00f3rmate, conoce los riesgos y las opciones reales antes de decidir. Protege tu salud con informaci\u00f3n confiable.","breadcrumb":{"@id":"https:\/\/phctorrance.org\/es\/opciones\/aborto\/#breadcrumb"},"inLanguage":"es","potentialAction":[{"@type":"ReadAction","target":["https:\/\/phctorrance.org\/es\/opciones\/aborto\/"]}]},{"@type":"ImageObject","inLanguage":"es","@id":"https:\/\/phctorrance.org\/es\/opciones\/aborto\/#primaryimage","url":"https:\/\/phctorrance.org\/wp-content\/uploads\/2022\/08\/abortion-option.jpg","contentUrl":"https:\/\/phctorrance.org\/wp-content\/uploads\/2022\/08\/abortion-option.jpg","width":1466,"height":1468},{"@type":"BreadcrumbList","@id":"https:\/\/phctorrance.org\/es\/opciones\/aborto\/#breadcrumb","itemListElement":[{"@type":"ListItem","position":1,"name":"Home","item":"https:\/\/phctorrance.org\/es\/"},{"@type":"ListItem","position":2,"name":"Opciones","item":"https:\/\/phctorrance.org\/options\/"},{"@type":"ListItem","position":3,"name":"Aborto"}]},{"@type":"WebSite","@id":"https:\/\/phctorrance.org\/#website","url":"https:\/\/phctorrance.org\/","name":"Pregnancy Help Center","description":"","potentialAction":[{"@type":"SearchAction","target":{"@type":"EntryPoint","urlTemplate":"https:\/\/phctorrance.org\/?s={search_term_string}"},"query-input":{"@type":"PropertyValueSpecification","valueRequired":true,"valueName":"search_term_string"}}],"inLanguage":"es"}]}},"_links":{"self":[{"href":"https:\/\/phctorrance.org\/es\/wp-json\/wp\/v2\/pages\/1056","targetHints":{"allow":["GET"]}}],"collection":[{"href":"https:\/\/phctorrance.org\/es\/wp-json\/wp\/v2\/pages"}],"about":[{"href":"https:\/\/phctorrance.org\/es\/wp-json\/wp\/v2\/types\/page"}],"author":[{"embeddable":true,"href":"https:\/\/phctorrance.org\/es\/wp-json\/wp\/v2\/users\/1"}],"replies":[{"embeddable":true,"href":"https:\/\/phctorrance.org\/es\/wp-json\/wp\/v2\/comments?post=1056"}],"version-history":[{"count":2,"href":"https:\/\/phctorrance.org\/es\/wp-json\/wp\/v2\/pages\/1056\/revisions"}],"predecessor-version":[{"id":2114,"href":"https:\/\/phctorrance.org\/es\/wp-json\/wp\/v2\/pages\/1056\/revisions\/2114"}],"up":[{"embeddable":true,"href":"https:\/\/phctorrance.org\/es\/wp-json\/wp\/v2\/pages\/1038"}],"wp:featuredmedia":[{"embeddable":true,"href":"https:\/\/phctorrance.org\/es\/wp-json\/wp\/v2\/media\/1009"}],"wp:attachment":[{"href":"https:\/\/phctorrance.org\/es\/wp-json\/wp\/v2\/media?parent=1056"}],"curies":[{"name":"wp","href":"https:\/\/api.w.org\/{rel}","templated":true}]}}