{"id":1054,"date":"2021-05-27T06:32:41","date_gmt":"2021-05-27T13:32:41","guid":{"rendered":"https:\/\/phctorrance.org\/opciones\/adopcion\/"},"modified":"2024-09-19T07:05:46","modified_gmt":"2024-09-19T07:05:46","slug":"adopcion","status":"publish","type":"page","link":"https:\/\/phctorrance.org\/es\/opciones\/adopcion\/","title":{"rendered":"Adopci\u00f3n"},"content":{"rendered":"&#13;\n<h2 class=\"wp-block-heading\">\u00bfQu\u00e9 sabe sobre la adopci\u00f3n?<\/h2>&#13;\n&#13;\n<p>Muchos mitos y malentendidos rodean a la adopci\u00f3n. Las mujeres creen que van a entregar a sus beb\u00e9s a desconocidos, pero nada m\u00e1s lejos de la realidad.<\/p>&#13;\n&#13;\n<p>Una madre cari\u00f1osa nunca se rinde. Elabora un plan para que su hijo reciba lo que ella no puede darle. Y la familia adoptiva no son extra\u00f1os. Los elige despu\u00e9s de aprender todo sobre ellos. M\u00e1s informaci\u00f3n sobre la opci\u00f3n de adopci\u00f3n.<\/p>&#13;\n&#13;\n<h2 class=\"wp-block-heading\">\u00bfPor qu\u00e9 elegir la adopci\u00f3n?<\/h2>&#13;\n&#13;\n<p>Mujeres de toda condici\u00f3n eligen la adopci\u00f3n. Es la decisi\u00f3n m\u00e1s dif\u00edcil, desinteresada, amorosa y dolorosa que una mujer tomar\u00e1 jam\u00e1s. \u00bfPor qu\u00e9 eligen la adopci\u00f3n? He aqu\u00ed algunas de las razones:<\/p>&#13;\n\r\n<ul class=\"wp-block-list\">&#13;\n<li>Soy demasiado joven o demasiado viejo para ser padre<\/li>&#13;\n\r\n\r\n&#13;\n<li>Ya tengo otros hijos que estoy criando, y no tengo capacidad para \u00e9ste&#8230;<\/li>&#13;\n\r\n\r\n&#13;\n<li>La maternidad es algo que nunca me ha interesado<\/li>&#13;\n\r\n\r\n&#13;\n<li>Ahora no es el momento de ser padres<\/li>&#13;\n\r\n\r\n&#13;\n<li>El padre ya no forma parte de mi vida<\/li>&#13;\n\r\n\r\n&#13;\n<li>Quiero que mi hijo tenga un hogar biparental y mejores oportunidades<\/li>&#13;\n\r\n\r\n&#13;\n<li>No estoy en una relaci\u00f3n o entorno seguro<\/li>&#13;\n<\/ul>\r\n&#13;\n<h2 class=\"wp-block-heading\">\u00bfC\u00f3mo hago un plan de adopci\u00f3n?<\/h2>&#13;\n&#13;\n<p>Empiece por elegir una agencia de adopci\u00f3n o un abogado de confianza. Un coordinador de adopciones autorizado nunca debe cobrarte por sus servicios.<\/p>&#13;\n&#13;\n<p>Deben explicarle el proceso de adopci\u00f3n de principio a fin. No deber\u00eda haber sorpresas a medida que avanza en el proceso. Si conoce a fondo sus derechos como mujer embarazada o madre biol\u00f3gica, sabr\u00e1 si la adopci\u00f3n es la opci\u00f3n adecuada para usted.<\/p>&#13;\n&#13;\n<h2 class=\"wp-block-heading\">Elegir su plan de adopci\u00f3n<\/h2>&#13;\n&#13;\n<p>Una vez que haya decidido proceder a la adopci\u00f3n, seleccionar\u00e1 su plan de adopci\u00f3n. Hay tres planes b\u00e1sicos entre los que elegir:<\/p>&#13;\n&#13;\n<h3 class=\"wp-block-heading\">Adopci\u00f3n abierta<\/h3>&#13;\n&#13;\n<p>La adopci\u00f3n abierta le ofrece la posibilidad de relacionarse libremente con la familia adoptiva y con su hijo. Intercambias informaci\u00f3n identificativa como nombres completos, direcciones, n\u00fameros de tel\u00e9fono, etc. Usted y la familia adoptiva determinan c\u00f3mo y cu\u00e1ndo comunicarse entre s\u00ed.<\/p>&#13;\n&#13;\n<h3 class=\"wp-block-heading\">Adopci\u00f3n semiabierta<\/h3>&#13;\n&#13;\n<p>Un plan semiabierto tambi\u00e9n se conoce como adopci\u00f3n mediada. Usted y la familia adoptiva se comunican entre s\u00ed a trav\u00e9s de un tercero, como su agencia de adopci\u00f3n o su abogado. Una adopci\u00f3n mediada permite una mayor privacidad para todos.<\/p>&#13;\n&#13;\n<h3 class=\"wp-block-heading\">Adopci\u00f3n cerrada<\/h3>&#13;\n&#13;\n<p>Menos del 10% de las adopciones actuales se cierran. Con este plan, permanecer\u00e1 en el anonimato. No se intercambia ninguna informaci\u00f3n identificativa, y los tribunales sellan la partida de nacimiento original.<\/p>&#13;\n&#13;\n<h2 class=\"wp-block-heading\">Elecci\u00f3n de la familia adoptiva<\/h2>&#13;\n&#13;\n<p>La parte m\u00e1s importante del proceso de adopci\u00f3n es elegir a la pareja que criar\u00e1 a su hijo. Una agencia presentar\u00e1 biograf\u00edas de parejas adoptivas potenciales que se ajusten a criterios esenciales para ti. Las parejas comparten su estilo de vida, empleo, aficiones, historia familiar y otra informaci\u00f3n pertinente.<\/p>&#13;\n&#13;\n<p>Antes de ser considerada para la adopci\u00f3n, cada pareja debe presentar una verificaci\u00f3n de antecedentes, huellas dactilares, un estudio del hogar, registros financieros y sanitarios, referencias y mucho m\u00e1s. Puede estar seguro de que est\u00e1n preparados para querer y cuidar a su hijo.<\/p>&#13;\n&#13;\n<h2 class=\"wp-block-heading\">Asesoramiento sobre adopci\u00f3n<\/h2>&#13;\n&#13;\n<p>Nadie debe manipularte para que elijas la adopci\u00f3n. Busque un coordinador de adopciones que le asesore antes, durante y despu\u00e9s de la finalizaci\u00f3n. La adopci\u00f3n es una elecci\u00f3n para toda la vida y quieres estar segura de que es la correcta para ti y para tu hijo.<\/p>&#13;\n&#13;\n<h2 class=\"wp-block-heading\">\u00bfC\u00f3mo puede ayudarme el <span class=\"\">Centro de Ayuda a Embarazadas<\/span>?<\/h2>&#13;\n&#13;\n<p>No facilitamos la adopci\u00f3n ni nos beneficiamos econ\u00f3micamente de su decisi\u00f3n de dar a su hijo en adopci\u00f3n. No obstante, podemos remitirte a organizaciones que conocemos y en las que confiamos.<\/p>&#13;\n&#13;\n<p><a href=\"https:\/\/phctorrance.org\/contact\/\" data-type=\"link\" data-id=\"https:\/\/phctorrance.org\/contact\/\" data-wpel-link=\"external\" target=\"_blank\" rel=\"nofollow external noopener noreferrer\">Concierte una<\/a> cita para hablar de la adopci\u00f3n y comprender mejor esta opci\u00f3n.<\/p>&#13;\n&#13;\n<p><strong><em>La informaci\u00f3n presentada en este sitio web est\u00e1 destinada exclusivamente a la educaci\u00f3n general y no debe utilizarse como sustituto del asesoramiento profesional o m\u00e9dico. No practicamos ni derivamos abortos. No nos beneficiamos de ninguna de sus decisiones sobre salud sexual o embarazo.<\/em><\/strong><\/p>&#13;\n","protected":false},"excerpt":{"rendered":"<p>Si no est\u00e1s preparada para ser madre y no quieres abortar, tu mejor opci\u00f3n es dar a tu hijo en adopci\u00f3n. Como mujer embarazada o madre biol\u00f3gica, usted elige a los padres adoptivos y el futuro que quiere para su hijo.<\/p>\n","protected":false},"author":1,"featured_media":1010,"parent":1038,"menu_order":0,"comment_status":"closed","ping_status":"closed","template":"","meta":{"_acf_changed":false,"footnotes":""},"class_list":["post-1054","page","type-page","status-publish","has-post-thumbnail","hentry"],"acf":[],"yoast_head":"<!-- This site is optimized with the Yoast SEO plugin v27.3 - https:\/\/yoast.com\/product\/yoast-seo-wordpress\/ -->\n<title>Adopci\u00f3n - Pregnancy Help Center - Torrance, CA<\/title>\n<meta name=\"description\" content=\"Read more about Adopci\u00f3n in this post. Pregnancy Help Center offers free and confidential pregnancy services. Contact us\" \/>\n<meta name=\"robots\" content=\"index, follow, max-snippet:-1, max-image-preview:large, max-video-preview:-1\" \/>\n<link rel=\"canonical\" href=\"https:\/\/phctorrance.org\/options\/adoption\/\" \/>\n<meta property=\"og:locale\" content=\"es_ES\" \/>\n<meta property=\"og:type\" content=\"article\" \/>\n<meta property=\"og:title\" content=\"Adopci\u00f3n - Pregnancy Help Center - Torrance, CA\" \/>\n<meta property=\"og:description\" content=\"Read more about Adopci\u00f3n in this post. Pregnancy Help Center offers free and confidential pregnancy services. Contact us\" \/>\n<meta property=\"og:url\" content=\"https:\/\/phctorrance.org\/options\/adoption\/\" \/>\n<meta property=\"og:site_name\" content=\"Pregnancy Help Center\" \/>\n<meta property=\"article:modified_time\" content=\"2024-09-19T07:05:46+00:00\" \/>\n<meta property=\"og:image\" content=\"https:\/\/phctorrance.org\/wp-content\/uploads\/2022\/08\/adoption-option.jpg\" \/>\n\t<meta property=\"og:image:width\" content=\"1466\" \/>\n\t<meta property=\"og:image:height\" content=\"1468\" \/>\n\t<meta property=\"og:image:type\" content=\"image\/jpeg\" \/>\n<meta name=\"twitter:card\" content=\"summary_large_image\" \/>\n<meta name=\"twitter:label1\" content=\"Tiempo de lectura\" \/>\n\t<meta name=\"twitter:data1\" content=\"4 minutos\" \/>\n<!-- \/ Yoast SEO plugin. -->","yoast_head_json":{"title":"Adopci\u00f3n - Pregnancy Help Center - Torrance, CA","description":"Read more about Adopci\u00f3n in this post. Pregnancy Help Center offers free and confidential pregnancy services. Contact us","robots":{"index":"index","follow":"follow","max-snippet":"max-snippet:-1","max-image-preview":"max-image-preview:large","max-video-preview":"max-video-preview:-1"},"canonical":"https:\/\/phctorrance.org\/options\/adoption\/","og_locale":"es_ES","og_type":"article","og_title":"Adopci\u00f3n - Pregnancy Help Center - Torrance, CA","og_description":"Read more about Adopci\u00f3n in this post. Pregnancy Help Center offers free and confidential pregnancy services. Contact us","og_url":"https:\/\/phctorrance.org\/options\/adoption\/","og_site_name":"Pregnancy Help Center","article_modified_time":"2024-09-19T07:05:46+00:00","og_image":[{"width":1466,"height":1468,"url":"https:\/\/phctorrance.org\/wp-content\/uploads\/2022\/08\/adoption-option.jpg","type":"image\/jpeg"}],"twitter_card":"summary_large_image","twitter_misc":{"Tiempo de lectura":"4 minutos"},"schema":{"@context":"https:\/\/schema.org","@graph":[{"@type":"WebPage","@id":"https:\/\/phctorrance.org\/options\/adoption\/","url":"https:\/\/phctorrance.org\/options\/adoption\/","name":"Adopci\u00f3n - Pregnancy Help Center - Torrance, CA","isPartOf":{"@id":"https:\/\/phctorrance.org\/#website"},"primaryImageOfPage":{"@id":"https:\/\/phctorrance.org\/options\/adoption\/#primaryimage"},"image":{"@id":"https:\/\/phctorrance.org\/options\/adoption\/#primaryimage"},"thumbnailUrl":"https:\/\/phctorrance.org\/wp-content\/uploads\/2022\/08\/adoption-option.jpg","datePublished":"2021-05-27T13:32:41+00:00","dateModified":"2024-09-19T07:05:46+00:00","description":"Read more about Adopci\u00f3n in this post. Pregnancy Help Center offers free and confidential pregnancy services. Contact us","breadcrumb":{"@id":"https:\/\/phctorrance.org\/options\/adoption\/#breadcrumb"},"inLanguage":"es","potentialAction":[{"@type":"ReadAction","target":["https:\/\/phctorrance.org\/options\/adoption\/"]}]},{"@type":"ImageObject","inLanguage":"es","@id":"https:\/\/phctorrance.org\/options\/adoption\/#primaryimage","url":"https:\/\/phctorrance.org\/wp-content\/uploads\/2022\/08\/adoption-option.jpg","contentUrl":"https:\/\/phctorrance.org\/wp-content\/uploads\/2022\/08\/adoption-option.jpg","width":1466,"height":1468},{"@type":"BreadcrumbList","@id":"https:\/\/phctorrance.org\/options\/adoption\/#breadcrumb","itemListElement":[{"@type":"ListItem","position":1,"name":"Home","item":"https:\/\/phctorrance.org\/es\/"},{"@type":"ListItem","position":2,"name":"Opciones","item":"https:\/\/phctorrance.org\/options\/"},{"@type":"ListItem","position":3,"name":"Adopci\u00f3n"}]},{"@type":"WebSite","@id":"https:\/\/phctorrance.org\/#website","url":"https:\/\/phctorrance.org\/","name":"Pregnancy Help Center","description":"","potentialAction":[{"@type":"SearchAction","target":{"@type":"EntryPoint","urlTemplate":"https:\/\/phctorrance.org\/?s={search_term_string}"},"query-input":{"@type":"PropertyValueSpecification","valueRequired":true,"valueName":"search_term_string"}}],"inLanguage":"es"}]}},"_links":{"self":[{"href":"https:\/\/phctorrance.org\/es\/wp-json\/wp\/v2\/pages\/1054","targetHints":{"allow":["GET"]}}],"collection":[{"href":"https:\/\/phctorrance.org\/es\/wp-json\/wp\/v2\/pages"}],"about":[{"href":"https:\/\/phctorrance.org\/es\/wp-json\/wp\/v2\/types\/page"}],"author":[{"embeddable":true,"href":"https:\/\/phctorrance.org\/es\/wp-json\/wp\/v2\/users\/1"}],"replies":[{"embeddable":true,"href":"https:\/\/phctorrance.org\/es\/wp-json\/wp\/v2\/comments?post=1054"}],"version-history":[{"count":0,"href":"https:\/\/phctorrance.org\/es\/wp-json\/wp\/v2\/pages\/1054\/revisions"}],"up":[{"embeddable":true,"href":"https:\/\/phctorrance.org\/es\/wp-json\/wp\/v2\/pages\/1038"}],"wp:featuredmedia":[{"embeddable":true,"href":"https:\/\/phctorrance.org\/es\/wp-json\/wp\/v2\/media\/1010"}],"wp:attachment":[{"href":"https:\/\/phctorrance.org\/es\/wp-json\/wp\/v2\/media?parent=1054"}],"curies":[{"name":"wp","href":"https:\/\/api.w.org\/{rel}","templated":true}]}}