{"id":1050,"date":"2023-02-10T10:48:21","date_gmt":"2023-02-10T18:48:21","guid":{"rendered":"https:\/\/phctorrance.org\/servicios\/salud-sexual\/"},"modified":"2024-11-27T02:12:45","modified_gmt":"2024-11-27T10:12:45","slug":"salud-sexual","status":"publish","type":"page","link":"https:\/\/phctorrance.org\/es\/servicios\/salud-sexual\/","title":{"rendered":"Salud sexual"},"content":{"rendered":"&#13;\n<h2 class=\"wp-block-heading\">\u00bfQu\u00e9 son las ITS?<\/h2>&#13;\n&#13;\n<p>En 2022, s\u00f3lo en Estados Unidos se registraron m\u00e1s de 2,5 millones de casos de clamidia, gonorrea y s\u00edfilis. Estas infecciones de transmisi\u00f3n sexual (ITS) y otras van en aumento. Las ITS se transmiten por bacterias, virus o par\u00e1sitos. Una ITS puede transmitirse de una persona a otra a trav\u00e9s de la sangre, el semen o los fluidos vaginales y otros fluidos corporales.<\/p>&#13;\n&#13;\n<p>Ni siquiera los preservativos te protegen necesariamente de todas las ITS. Algunas infecciones de transmisi\u00f3n sexual, como el herpes y el VPH, pueden transmitirse por contacto con la piel en zonas no cubiertas por un preservativo.<\/p>&#13;\n&#13;\n<p>Cualquiera que mantenga relaciones sexuales puede contraer una ITS. Los j\u00f3venes de 15 a 24 a\u00f1os y las mujeres embarazadas corren mayor riesgo.<\/p>&#13;\n<ul><\/ul><\/ul>\n<p><!-- \/wp:post-content --><\/p>\n<p><!-- wp:heading --><\/p>\n<h2 class=\"wp-block-heading\">\u00bfC\u00f3mo s\u00e9 si tengo una ITS?<\/h2>\n<p><!-- \/wp:heading --><\/p>\n<p><!-- wp:paragraph --><\/p>\n<p>Muchas ITS son asintom\u00e1ticas. Esto significa que no presentan s\u00edntomas reconocibles. Si no hay s\u00edntomas, no hay raz\u00f3n para hacer pruebas, \u00bfverdad? \u00a1Incorrecto! T\u00fa y tu(s) pareja(s) deb\u00e9is someteros a pruebas regularmente, teng\u00e1is o no los siguientes <a href=\"https:\/\/www.mayoclinic.org\/diseases-conditions\/sexually-transmitted-diseases-stds\/symptoms-causes\/syc-20351240\" target=\"_blank\" rel=\"noreferrer noopener nofollow external\" data-type=\"link\" data-id=\"https:\/\/www.mayoclinic.org\/diseases-conditions\/sexually-transmitted-diseases-stds\/symptoms-causes\/syc-20351240\" data-wpel-link=\"external\">s\u00edntomas:<\/a><\/p>\n<p><!-- \/wp:paragraph --><\/p>\n<p><!-- wp:list --><\/p>\n<ul><!-- wp:list-item --><\/p>\n<li>\u00dalceras o protuberancias en los genitales<\/li>\n<p><!-- \/wp:list-item --><\/p>\n<p><!-- wp:list-item --><\/p>\n<li>Dolor o ardor al orinar<\/li>\n<p><!-- \/wp:list-item --><\/p>\n<p><!-- wp:list-item --><\/p>\n<li>Descarga<\/li>\n<p><!-- \/wp:list-item --><\/p>\n<p><!-- wp:list-item --><\/p>\n<li>Dolor durante las relaciones sexuales<\/li>\n<p><!-- \/wp:list-item --><\/p>\n<p><!-- wp:list-item --><\/p>\n<li>Dolor abdominal bajo<\/li>\n<p><!-- \/wp:list-item --><\/p>\n<p><!-- wp:list-item --><\/p>\n<li>Fiebre<\/li>\n<p><!-- \/wp:list-item --><\/p>\n<p><!-- wp:list-item --><\/p>\n<li>Erupci\u00f3n en el tronco, las manos o los pies<\/li>\n<p><!-- \/wp:list-item --><\/ul>\n<p><!-- \/wp:list --><\/p>\n<p><!-- wp:heading --><\/p>\n<h2 class=\"wp-block-heading\">Hacerse las pruebas y recibir tratamiento<\/h2>\n<p><!-- \/wp:heading --><\/p>\n<p><!-- wp:paragraph --><\/p>\n<p>Si no est\u00e1 seguro de si tiene una ITS o cree que puede haber estado expuesto a una, ofrecemos pruebas de detecci\u00f3n gratuitas y confidenciales tanto para mujeres como para hombres. El <span class=\"\">Centro de Ayuda a Embarazadas<\/span> ofrece pruebas gratuitas de clamidia y gonorrea con un an\u00e1lisis de orina. Es f\u00e1cil e indoloro.<\/p>\n<p><!-- \/wp:paragraph --><\/p>\n<p><!-- wp:paragraph --><\/p>\n<p>Los resultados estar\u00e1n disponibles en aproximadamente una semana. La prueba es gratuita, pero un donativo de 15 $ cubrir\u00e1 el coste de la prueba.<\/p>\n<p><!-- \/wp:paragraph --><\/p>\n<p><!-- wp:paragraph --><\/p>\n<p>Si no se trata, la clamidia puede causar enfermedad inflamatoria p\u00e9lvica ( <a href=\"https:\/\/www.mayoclinic.org\/diseases-conditions\/pelvic-inflammatory-disease\/symptoms-causes\/syc-20352594\" target=\"_blank\" rel=\"noreferrer noopener nofollow external\" data-wpel-link=\"external\">EIP<\/a> ) en las mujeres hasta en un 40% de los casos, provocando da\u00f1os irreversibles en las trompas de Falopio y el \u00fatero. Afortunadamente, la clamidia se trata y cura f\u00e1cilmente con antibi\u00f3ticos, por lo que es vital detectarla a tiempo.  <\/p>\n<p><!-- \/wp:paragraph --><\/p>\n<p><!-- wp:paragraph --><\/p>\n<p>Ofrecemos pruebas de clamidia y gonorrea, as\u00ed como la medicaci\u00f3n para tratar la clamidia. Podemos remitirle a otra cl\u00ednica para el tratamiento de la gonorrea, as\u00ed como para la prueba y el tratamiento del VIH.<\/p>\n<p><!-- \/wp:paragraph --><\/p>\n<p><!-- wp:paragraph --><\/p>\n<p><strong><em>No nos beneficiamos de ninguna de sus decisiones sobre salud sexual o embarazo.<\/em><\/strong><\/p>\n<p><!-- \/wp:paragraph --><\/p>\n","protected":false},"excerpt":{"rendered":"<p>Nadie quiere plantearse tener una ITS, y mucho menos hablar de ello, pero son mucho m\u00e1s frecuentes de lo que la gente cree. Algunas ITS no causan s\u00edntomas, por lo que es fundamental realizar pruebas peri\u00f3dicas.<\/p>\n","protected":false},"author":2,"featured_media":1000,"parent":1044,"menu_order":3,"comment_status":"closed","ping_status":"closed","template":"","meta":{"_acf_changed":false,"footnotes":""},"class_list":["post-1050","page","type-page","status-publish","has-post-thumbnail","hentry"],"acf":[],"yoast_head":"<!-- This site is optimized with the Yoast SEO plugin v27.3 - https:\/\/yoast.com\/product\/yoast-seo-wordpress\/ -->\n<title>Salud sexual - Pregnancy Help Center - Torrance, CA<\/title>\n<meta name=\"description\" content=\"Read more about Salud sexual in this post. Pregnancy Help Center offers free and confidential pregnancy services. Contact us\" \/>\n<meta name=\"robots\" content=\"index, follow, max-snippet:-1, max-image-preview:large, max-video-preview:-1\" \/>\n<link rel=\"canonical\" href=\"https:\/\/phctorrance.org\/es\/servicios\/salud-sexual\/\" \/>\n<meta property=\"og:locale\" content=\"es_ES\" \/>\n<meta property=\"og:type\" content=\"article\" \/>\n<meta property=\"og:title\" content=\"Salud sexual - Pregnancy Help Center - Torrance, CA\" \/>\n<meta property=\"og:description\" content=\"Read more about Salud sexual in this post. Pregnancy Help Center offers free and confidential pregnancy services. Contact us\" \/>\n<meta property=\"og:url\" content=\"https:\/\/phctorrance.org\/es\/servicios\/salud-sexual\/\" \/>\n<meta property=\"og:site_name\" content=\"Pregnancy Help Center\" \/>\n<meta property=\"article:modified_time\" content=\"2024-11-27T10:12:45+00:00\" \/>\n<meta name=\"twitter:card\" content=\"summary_large_image\" \/>\n<meta name=\"twitter:label1\" content=\"Tiempo de lectura\" \/>\n\t<meta name=\"twitter:data1\" content=\"2 minutos\" \/>\n<!-- \/ Yoast SEO plugin. -->","yoast_head_json":{"title":"Salud sexual - Pregnancy Help Center - Torrance, CA","description":"Read more about Salud sexual in this post. Pregnancy Help Center offers free and confidential pregnancy services. Contact us","robots":{"index":"index","follow":"follow","max-snippet":"max-snippet:-1","max-image-preview":"max-image-preview:large","max-video-preview":"max-video-preview:-1"},"canonical":"https:\/\/phctorrance.org\/es\/servicios\/salud-sexual\/","og_locale":"es_ES","og_type":"article","og_title":"Salud sexual - Pregnancy Help Center - Torrance, CA","og_description":"Read more about Salud sexual in this post. Pregnancy Help Center offers free and confidential pregnancy services. Contact us","og_url":"https:\/\/phctorrance.org\/es\/servicios\/salud-sexual\/","og_site_name":"Pregnancy Help Center","article_modified_time":"2024-11-27T10:12:45+00:00","twitter_card":"summary_large_image","twitter_misc":{"Tiempo de lectura":"2 minutos"},"schema":{"@context":"https:\/\/schema.org","@graph":[{"@type":"WebPage","@id":"https:\/\/phctorrance.org\/es\/servicios\/salud-sexual\/","url":"https:\/\/phctorrance.org\/es\/servicios\/salud-sexual\/","name":"Salud sexual - Pregnancy Help Center - Torrance, CA","isPartOf":{"@id":"https:\/\/phctorrance.org\/#website"},"primaryImageOfPage":{"@id":"https:\/\/phctorrance.org\/es\/servicios\/salud-sexual\/#primaryimage"},"image":{"@id":"https:\/\/phctorrance.org\/es\/servicios\/salud-sexual\/#primaryimage"},"thumbnailUrl":"https:\/\/phctorrance.org\/wp-content\/uploads\/2022\/08\/std.svg","datePublished":"2023-02-10T18:48:21+00:00","dateModified":"2024-11-27T10:12:45+00:00","description":"Read more about Salud sexual in this post. Pregnancy Help Center offers free and confidential pregnancy services. Contact us","breadcrumb":{"@id":"https:\/\/phctorrance.org\/es\/servicios\/salud-sexual\/#breadcrumb"},"inLanguage":"es","potentialAction":[{"@type":"ReadAction","target":["https:\/\/phctorrance.org\/es\/servicios\/salud-sexual\/"]}]},{"@type":"ImageObject","inLanguage":"es","@id":"https:\/\/phctorrance.org\/es\/servicios\/salud-sexual\/#primaryimage","url":"https:\/\/phctorrance.org\/wp-content\/uploads\/2022\/08\/std.svg","contentUrl":"https:\/\/phctorrance.org\/wp-content\/uploads\/2022\/08\/std.svg"},{"@type":"BreadcrumbList","@id":"https:\/\/phctorrance.org\/es\/servicios\/salud-sexual\/#breadcrumb","itemListElement":[{"@type":"ListItem","position":1,"name":"Home","item":"https:\/\/phctorrance.org\/es\/"},{"@type":"ListItem","position":2,"name":"Servicios","item":"https:\/\/phctorrance.org\/services\/"},{"@type":"ListItem","position":3,"name":"Salud sexual"}]},{"@type":"WebSite","@id":"https:\/\/phctorrance.org\/#website","url":"https:\/\/phctorrance.org\/","name":"Pregnancy Help Center","description":"","potentialAction":[{"@type":"SearchAction","target":{"@type":"EntryPoint","urlTemplate":"https:\/\/phctorrance.org\/?s={search_term_string}"},"query-input":{"@type":"PropertyValueSpecification","valueRequired":true,"valueName":"search_term_string"}}],"inLanguage":"es"}]}},"_links":{"self":[{"href":"https:\/\/phctorrance.org\/es\/wp-json\/wp\/v2\/pages\/1050","targetHints":{"allow":["GET"]}}],"collection":[{"href":"https:\/\/phctorrance.org\/es\/wp-json\/wp\/v2\/pages"}],"about":[{"href":"https:\/\/phctorrance.org\/es\/wp-json\/wp\/v2\/types\/page"}],"author":[{"embeddable":true,"href":"https:\/\/phctorrance.org\/es\/wp-json\/wp\/v2\/users\/2"}],"replies":[{"embeddable":true,"href":"https:\/\/phctorrance.org\/es\/wp-json\/wp\/v2\/comments?post=1050"}],"version-history":[{"count":1,"href":"https:\/\/phctorrance.org\/es\/wp-json\/wp\/v2\/pages\/1050\/revisions"}],"predecessor-version":[{"id":1958,"href":"https:\/\/phctorrance.org\/es\/wp-json\/wp\/v2\/pages\/1050\/revisions\/1958"}],"up":[{"embeddable":true,"href":"https:\/\/phctorrance.org\/es\/wp-json\/wp\/v2\/pages\/1044"}],"wp:featuredmedia":[{"embeddable":true,"href":"https:\/\/phctorrance.org\/es\/wp-json\/wp\/v2\/media\/1000"}],"wp:attachment":[{"href":"https:\/\/phctorrance.org\/es\/wp-json\/wp\/v2\/media?parent=1050"}],"curies":[{"name":"wp","href":"https:\/\/api.w.org\/{rel}","templated":true}]}}