{"id":1048,"date":"2023-02-10T10:46:22","date_gmt":"2023-02-10T18:46:22","guid":{"rendered":"https:\/\/phctorrance.org\/servicios\/pruebas-de-embarazo\/"},"modified":"2024-09-19T06:53:51","modified_gmt":"2024-09-19T06:53:51","slug":"pruebas-de-embarazo","status":"publish","type":"page","link":"https:\/\/phctorrance.org\/es\/servicios\/pruebas-de-embarazo\/","title":{"rendered":"Pruebas de embarazo"},"content":{"rendered":"&#13;\n<h2 class=\"wp-block-heading\">\u00bfTe has hecho la prueba del embarazo?<\/h2>&#13;\n&#13;\n<p>Una menstruaci\u00f3n tard\u00eda y algunos <a href=\"https:\/\/phctorrance.org\/es\/embarazada\/\" data-type=\"link\" data-id=\"https:\/\/phctorrance.org\/pregnant\/\" data-wpel-link=\"internal\">s\u00edntomas inusuales<\/a> pueden indicar un embarazo. Si sospechas que est\u00e1s embarazada, el primer paso es hacerte una prueba de embarazo. Puedes encontrar pruebas caseras baratas en muchas farmacias o puedes acudir al <span class=\"\">Centro de Ayuda a Embarazadas<\/span> para que te hagan pruebas de embarazo gratuitas y confidenciales.<\/p>&#13;\n&#13;\n<h2 class=\"wp-block-heading\">\u00bfC\u00f3mo funciona una prueba de embarazo?<\/h2>&#13;\n&#13;\n<p>Cuando una mujer se queda embarazada, su cuerpo empieza a producir una hormona del embarazo llamada gonadotropina cori\u00f3nica humana (hCG). A medida que avanza el embarazo, la hormona se acumula en el cuerpo y puede detectarse en la sangre y la orina. Si una prueba de embarazo detecta hCG, dar\u00e1 positivo.<\/p>&#13;\n&#13;\n<h2 class=\"wp-block-heading\">\u00bfPuedo hacerme una prueba de embarazo casera?<\/h2>&#13;\n&#13;\n<p>Las pruebas de embarazo caseras son fiables, pero debes seguir cuidadosamente las instrucciones.<\/p>&#13;\n&#13;\n<p>Si te haces la prueba en casa, estos son los <a href=\"https:\/\/www.mayoclinic.org\/healthy-lifestyle\/getting-pregnant\/in-depth\/home-pregnancy-tests\/art-20047940\" target=\"_blank\" rel=\"noreferrer noopener nofollow external\" data-type=\"link\" data-id=\"https:\/\/www.mayoclinic.org\/healthy-lifestyle\/getting-pregnant\/in-depth\/home-pregnancy-tests\/art-20047940\" data-wpel-link=\"external\">pasos recomendados<\/a> que debes seguir:<\/p>&#13;\n\r\n<ul class=\"wp-block-list\">&#13;\n<li>Aseg\u00farese de que la fecha de la prueba no ha caducado<\/li>&#13;\n\r\n\r\n&#13;\n<li>Siga las instrucciones al pie de la letra y espere el tiempo necesario antes de comprobar los resultados.<\/li>&#13;\n\r\n\r\n&#13;\n<li>Espere hasta el d\u00eda de la falta o unos d\u00edas despu\u00e9s para hacerse la prueba.<\/li>&#13;\n\r\n\r\n&#13;\n<li>Realice la prueba por la ma\u00f1ana, cuando la orina est\u00e1 m\u00e1s concentrada.<\/li>&#13;\n<\/ul>\r\n<p>Our clinical pregnancy tests are more accurate than home tests primarily because of the experience and frequency in which our licensed medical professionals administer tests. Plus we regularly update our test kits for optimum freshness and accuracy.<\/p>\r\n&#13;\n<h2 class=\"wp-block-heading\">\u00bfC\u00f3mo consigo una prueba de embarazo gratuita?<\/h2>&#13;\n&#13;\n<p>Ofrecemos pruebas de embarazo en orina confidenciales y gratuitas; no realizamos an\u00e1lisis de sangre. Llame al (310) 787-4357 (AYUDA) para concertar una cita o programe una <a href=\"https:\/\/phctorrance.org\/contact\/\" data-type=\"link\" data-id=\"https:\/\/phctorrance.org\/contact\/\" data-wpel-link=\"external\" target=\"_blank\" rel=\"nofollow external noopener noreferrer\">cita en l\u00ednea<\/a>. Hemos realizado cientos de pruebas, por lo que puede estar seguro de que sus resultados ser\u00e1n precisos.<\/p>&#13;\n&#13;\n<p>Puede ser un momento estresante, pero estamos aqu\u00ed para ayudarle. Nuestro profesional m\u00e9dico le administrar\u00e1 la prueba de embarazo de forma confidencial, sin juzgarle.<\/p>&#13;\n&#13;\n<h2 class=\"wp-block-heading\">\u00bfQu\u00e9 hago si la prueba da positivo?<\/h2>&#13;\n&#13;\n<p>Una prueba de embarazo positiva es s\u00f3lo un indicio de un posible embarazo. Podemos programarte una <a href=\"https:\/\/phctorrance.org\/es\/servicios\/ecografias\/\" data-type=\"link\" data-id=\"https:\/\/phctorrance.org\/services\/ultrasounds\/\" data-wpel-link=\"internal\">ecograf\u00eda*<\/a> gratuita y confidencial para confirmarlo. Podemos hablar de <a href=\"https:\/\/phctorrance.org\/es\/opciones\/\" data-wpel-link=\"internal\">tus opciones<\/a> si la ecograf\u00eda confirma un embarazo en crecimiento.<\/p>&#13;\n&#13;\n<p>*S\u00f3lo para clientes cualificados.<\/p>&#13;\n","protected":false},"excerpt":{"rendered":"<p>Para obtener los resultados m\u00e1s precisos, pida a una enfermera diplomada que le administre nuestra prueba cl\u00ednica de embarazo. Nuestras pruebas est\u00e1n actualizadas y son m\u00e1s sensibles que muchas pruebas caseras. Obtenga resultados en los que puede confiar.<\/p>\n","protected":false},"author":2,"featured_media":999,"parent":1044,"menu_order":1,"comment_status":"closed","ping_status":"closed","template":"","meta":{"_acf_changed":false,"footnotes":""},"class_list":["post-1048","page","type-page","status-publish","has-post-thumbnail","hentry"],"acf":[],"yoast_head":"<!-- This site is optimized with the Yoast SEO plugin v27.4 - https:\/\/yoast.com\/product\/yoast-seo-wordpress\/ -->\n<title>Pruebas de embarazo - Pregnancy Help Center - Torrance, CA<\/title>\n<meta name=\"description\" content=\"Read more about Pruebas de embarazo in this post. Pregnancy Help Center offers free and confidential pregnancy services. Contact us\" \/>\n<meta name=\"robots\" content=\"index, follow, max-snippet:-1, max-image-preview:large, max-video-preview:-1\" \/>\n<link rel=\"canonical\" href=\"https:\/\/phctorrance.org\/services\/pregnancy-testing\/\" \/>\n<meta property=\"og:locale\" content=\"es_ES\" \/>\n<meta property=\"og:type\" content=\"article\" \/>\n<meta property=\"og:title\" content=\"Pruebas de embarazo - Pregnancy Help Center - Torrance, CA\" \/>\n<meta property=\"og:description\" content=\"Read more about Pruebas de embarazo in this post. Pregnancy Help Center offers free and confidential pregnancy services. Contact us\" \/>\n<meta property=\"og:url\" content=\"https:\/\/phctorrance.org\/services\/pregnancy-testing\/\" \/>\n<meta property=\"og:site_name\" content=\"Pregnancy Help Center\" \/>\n<meta property=\"article:modified_time\" content=\"2024-09-19T06:53:51+00:00\" \/>\n<meta name=\"twitter:card\" content=\"summary_large_image\" \/>\n<meta name=\"twitter:label1\" content=\"Tiempo de lectura\" \/>\n\t<meta name=\"twitter:data1\" content=\"2 minutos\" \/>\n<!-- \/ Yoast SEO plugin. -->","yoast_head_json":{"title":"Pruebas de embarazo - Pregnancy Help Center - Torrance, CA","description":"Read more about Pruebas de embarazo in this post. Pregnancy Help Center offers free and confidential pregnancy services. Contact us","robots":{"index":"index","follow":"follow","max-snippet":"max-snippet:-1","max-image-preview":"max-image-preview:large","max-video-preview":"max-video-preview:-1"},"canonical":"https:\/\/phctorrance.org\/services\/pregnancy-testing\/","og_locale":"es_ES","og_type":"article","og_title":"Pruebas de embarazo - Pregnancy Help Center - Torrance, CA","og_description":"Read more about Pruebas de embarazo in this post. Pregnancy Help Center offers free and confidential pregnancy services. Contact us","og_url":"https:\/\/phctorrance.org\/services\/pregnancy-testing\/","og_site_name":"Pregnancy Help Center","article_modified_time":"2024-09-19T06:53:51+00:00","twitter_card":"summary_large_image","twitter_misc":{"Tiempo de lectura":"2 minutos"},"schema":{"@context":"https:\/\/schema.org","@graph":[{"@type":"WebPage","@id":"https:\/\/phctorrance.org\/services\/pregnancy-testing\/","url":"https:\/\/phctorrance.org\/services\/pregnancy-testing\/","name":"Pruebas de embarazo - Pregnancy Help Center - Torrance, CA","isPartOf":{"@id":"https:\/\/phctorrance.org\/#website"},"primaryImageOfPage":{"@id":"https:\/\/phctorrance.org\/services\/pregnancy-testing\/#primaryimage"},"image":{"@id":"https:\/\/phctorrance.org\/services\/pregnancy-testing\/#primaryimage"},"thumbnailUrl":"https:\/\/phctorrance.org\/wp-content\/uploads\/2022\/08\/pregnancy.svg","datePublished":"2023-02-10T18:46:22+00:00","dateModified":"2024-09-19T06:53:51+00:00","description":"Read more about Pruebas de embarazo in this post. Pregnancy Help Center offers free and confidential pregnancy services. Contact us","breadcrumb":{"@id":"https:\/\/phctorrance.org\/services\/pregnancy-testing\/#breadcrumb"},"inLanguage":"es","potentialAction":[{"@type":"ReadAction","target":["https:\/\/phctorrance.org\/services\/pregnancy-testing\/"]}]},{"@type":"ImageObject","inLanguage":"es","@id":"https:\/\/phctorrance.org\/services\/pregnancy-testing\/#primaryimage","url":"https:\/\/phctorrance.org\/wp-content\/uploads\/2022\/08\/pregnancy.svg","contentUrl":"https:\/\/phctorrance.org\/wp-content\/uploads\/2022\/08\/pregnancy.svg"},{"@type":"BreadcrumbList","@id":"https:\/\/phctorrance.org\/services\/pregnancy-testing\/#breadcrumb","itemListElement":[{"@type":"ListItem","position":1,"name":"Home","item":"https:\/\/phctorrance.org\/es\/"},{"@type":"ListItem","position":2,"name":"Servicios","item":"https:\/\/phctorrance.org\/services\/"},{"@type":"ListItem","position":3,"name":"Pruebas de embarazo"}]},{"@type":"WebSite","@id":"https:\/\/phctorrance.org\/#website","url":"https:\/\/phctorrance.org\/","name":"Pregnancy Help Center","description":"","potentialAction":[{"@type":"SearchAction","target":{"@type":"EntryPoint","urlTemplate":"https:\/\/phctorrance.org\/?s={search_term_string}"},"query-input":{"@type":"PropertyValueSpecification","valueRequired":true,"valueName":"search_term_string"}}],"inLanguage":"es"}]}},"_links":{"self":[{"href":"https:\/\/phctorrance.org\/es\/wp-json\/wp\/v2\/pages\/1048","targetHints":{"allow":["GET"]}}],"collection":[{"href":"https:\/\/phctorrance.org\/es\/wp-json\/wp\/v2\/pages"}],"about":[{"href":"https:\/\/phctorrance.org\/es\/wp-json\/wp\/v2\/types\/page"}],"author":[{"embeddable":true,"href":"https:\/\/phctorrance.org\/es\/wp-json\/wp\/v2\/users\/2"}],"replies":[{"embeddable":true,"href":"https:\/\/phctorrance.org\/es\/wp-json\/wp\/v2\/comments?post=1048"}],"version-history":[{"count":0,"href":"https:\/\/phctorrance.org\/es\/wp-json\/wp\/v2\/pages\/1048\/revisions"}],"up":[{"embeddable":true,"href":"https:\/\/phctorrance.org\/es\/wp-json\/wp\/v2\/pages\/1044"}],"wp:featuredmedia":[{"embeddable":true,"href":"https:\/\/phctorrance.org\/es\/wp-json\/wp\/v2\/media\/999"}],"wp:attachment":[{"href":"https:\/\/phctorrance.org\/es\/wp-json\/wp\/v2\/media?parent=1048"}],"curies":[{"name":"wp","href":"https:\/\/api.w.org\/{rel}","templated":true}]}}