{"id":1046,"date":"2021-05-27T06:30:37","date_gmt":"2021-05-27T13:30:37","guid":{"rendered":"https:\/\/phctorrance.org\/embarazada\/"},"modified":"2025-06-18T12:37:43","modified_gmt":"2025-06-18T19:37:43","slug":"embarazada","status":"publish","type":"page","link":"https:\/\/phctorrance.org\/es\/embarazada\/","title":{"rendered":"\u00bfEmbarazada?"},"content":{"rendered":"&#13;\n<h2 class=\"wp-block-heading\">\u00bfCrees que est\u00e1s embarazada?<\/h2>&#13;\n&#13;\n<p>La ausencia de la menstruaci\u00f3n suele ser el primer signo de embarazo, pero hay muchos problemas de salud que pueden alterar el ciclo mensual. El estr\u00e9s, el aumento de ejercicio, el aumento o la p\u00e9rdida r\u00e1pida de peso, o los cambios hormonales pueden provocar la ausencia de menstruaci\u00f3n.<\/p>&#13;\n&#13;\n<p>\u00bfTienes alguno de estos otros s\u00edntomas de embarazo?<\/p>&#13;\n&#13;\n<h2 class=\"wp-block-heading\">Primeros s\u00edntomas del embarazo<\/h2>&#13;\n&#13;\n<p>Seg\u00fan la <a href=\"https:\/\/www.mayoclinic.org\/healthy-lifestyle\/getting-pregnant\/in-depth\/symptoms-of-pregnancy\/art-20043853\" target=\"_blank\" rel=\"noreferrer noopener nofollow external\" data-type=\"link\" data-id=\"https:\/\/www.mayoclinic.org\/healthy-lifestyle\/getting-pregnant\/in-depth\/symptoms-of-pregnancy\/art-20043853\" data-wpel-link=\"external\">Cl\u00ednica Mayo<\/a>, estos son algunos de los primeros s\u00edntomas del embarazo:<\/p>&#13;\n\r\n<ul class=\"wp-block-list\">&#13;\n<li>Falta de menstruaci\u00f3n<\/li>&#13;\n\r\n\r\n&#13;\n<li>Senos sensibles e hinchados<\/li>&#13;\n\r\n\r\n&#13;\n<li>N\u00e1useas con o sin v\u00f3mitos<\/li>&#13;\n\r\n\r\n&#13;\n<li>Aumento de la micci\u00f3n<\/li>&#13;\n\r\n\r\n&#13;\n<li>Fatiga<\/li>&#13;\n<\/ul>\r\n&#13;\n<p>Otros signos incluyen:<\/p>&#13;\n\r\n<ul class=\"wp-block-list\">&#13;\n<li>Mal humor<\/li>&#13;\n\r\n\r\n&#13;\n<li>Hinchaz\u00f3n<\/li>&#13;\n\r\n\r\n&#13;\n<li>Manchas ligeras<\/li>&#13;\n\r\n\r\n&#13;\n<li>Calambres<\/li>&#13;\n\r\n\r\n&#13;\n<li>Estre\u00f1imiento<\/li>&#13;\n\r\n\r\n&#13;\n<li>Aversiones alimentarias<\/li>&#13;\n\r\n\r\n&#13;\n<li>Congesti\u00f3n nasal<\/li>&#13;\n<\/ul>\r\n&#13;\n<p>Muchos de estos s\u00edntomas no son exclusivos del embarazo. El aumento de la micci\u00f3n puede deberse a una infecci\u00f3n urinaria. Las n\u00e1useas, los v\u00f3mitos y la congesti\u00f3n nasal pueden estar causados por un resfriado, alergias o una infecci\u00f3n sinusal.<\/p>&#13;\n&#13;\n<p>\u00bfC\u00f3mo puedes determinar si tus s\u00edntomas se deben al embarazo? Empieza con una prueba de embarazo.<\/p>&#13;\n&#13;\n<h2 class=\"wp-block-heading\">\u00bfTe has hecho la prueba del embarazo?<\/h2>&#13;\n&#13;\n<p>Puedes comprar pruebas de embarazo baratas en varias tiendas. Tambi\u00e9n puedes acudir al <span class=\"\">Centro de Ayuda a Embarazadas<\/span> para que te <a href=\"https:\/\/phctorrance.org\/es\/servicios\/pruebas-de-embarazo\/\" data-type=\"link\" data-id=\"https:\/\/phctorrance.org\/services\/pregnancy-testing\/\" data-wpel-link=\"internal\">hagan pruebas de embarazo<\/a> gratuitas y confidenciales. Una enfermera administra la prueba de embarazo en nuestra cl\u00ednica, por lo que puedes contar con obtener resultados precisos.<\/p>&#13;\n&#13;\n<h2 class=\"wp-block-heading\">La prueba es positiva. \u00bfY ahora qu\u00e9?<\/h2>&#13;\n&#13;\n<p>Una prueba de embarazo positiva indica un posible embarazo. El siguiente paso es una <a href=\"https:\/\/phctorrance.org\/es\/servicios\/ecografias\/\" data-type=\"link\" data-id=\"https:\/\/phctorrance.org\/services\/ultrasounds\/\" data-wpel-link=\"internal\">ecograf\u00eda<\/a>. La ecograf\u00eda confirma su embarazo y proporciona informaci\u00f3n adicional que necesitar\u00e1. Nuestra ecograf\u00eda gratuita y confidencial* es la forma m\u00e1s f\u00e1cil de obtener informaci\u00f3n precisa y en tiempo real sobre tu embarazo.<\/p>&#13;\n<p>*S\u00f3lo para clientes cualificados.<\/p>&#13;\n&#13;\n<h2 class=\"wp-block-heading\">\u00bfPor qu\u00e9 debo acudir al <span class=\"\">Centro de Ayuda a Embarazadas<\/span>?<\/h2>&#13;\n&#13;\n<p>Sabemos que enterarte de que est\u00e1s embarazada puede ser estresante. Nuestro atento personal est\u00e1 preparado para ayudarte a obtener las respuestas que necesitas sobre tu embarazo, tu salud sexual y tu futuro. Sabemos que esto puede ser estresante, y no queremos a\u00f1adir m\u00e1s presi\u00f3n.<\/p>&#13;\n&#13;\n<p>Nuestros servicios son gratuitos y confidenciales.<\/p>&#13;\n&#13;\n<p><strong><em>No nos beneficiamos de ninguna de sus decisiones sobre salud sexual o embarazo.<\/em><\/strong><\/p>&#13;\n","protected":false},"excerpt":{"rendered":"<p>&#13; \u00bfCrees que est\u00e1s embarazada? &#13; &#13; La ausencia de la menstruaci\u00f3n suele ser el primer signo de embarazo, pero hay muchos problemas de salud que pueden alterar el ciclo mensual. El estr\u00e9s, el aumento de ejercicio, el aumento o la p\u00e9rdida r\u00e1pida de peso, o los cambios hormonales pueden provocar la ausencia de menstruaci\u00f3n.<\/p>\n","protected":false},"author":1,"featured_media":0,"parent":0,"menu_order":0,"comment_status":"closed","ping_status":"closed","template":"","meta":{"_acf_changed":false,"footnotes":""},"class_list":["post-1046","page","type-page","status-publish","hentry"],"acf":[],"yoast_head":"<!-- This site is optimized with the Yoast SEO plugin v27.4 - https:\/\/yoast.com\/product\/yoast-seo-wordpress\/ -->\n<title>\u00bfEmbarazada? - Pregnancy Help Center - Torrance, CA<\/title>\n<meta name=\"description\" content=\"Read more about \u00bfEmbarazada? in this post. Pregnancy Help Center offers free and confidential pregnancy services. Contact us\" \/>\n<meta name=\"robots\" content=\"index, follow, max-snippet:-1, max-image-preview:large, max-video-preview:-1\" \/>\n<link rel=\"canonical\" href=\"https:\/\/phctorrance.org\/es\/embarazada\/\" \/>\n<meta property=\"og:locale\" content=\"es_ES\" \/>\n<meta property=\"og:type\" content=\"article\" \/>\n<meta property=\"og:title\" content=\"\u00bfEmbarazada? - Pregnancy Help Center - Torrance, CA\" \/>\n<meta property=\"og:description\" content=\"Read more about \u00bfEmbarazada? in this post. Pregnancy Help Center offers free and confidential pregnancy services. Contact us\" \/>\n<meta property=\"og:url\" content=\"https:\/\/phctorrance.org\/es\/embarazada\/\" \/>\n<meta property=\"og:site_name\" content=\"Pregnancy Help Center\" \/>\n<meta property=\"article:modified_time\" content=\"2025-06-18T19:37:43+00:00\" \/>\n<meta name=\"twitter:card\" content=\"summary_large_image\" \/>\n<meta name=\"twitter:label1\" content=\"Tiempo de lectura\" \/>\n\t<meta name=\"twitter:data1\" content=\"2 minutos\" \/>\n<!-- \/ Yoast SEO plugin. -->","yoast_head_json":{"title":"\u00bfEmbarazada? - Pregnancy Help Center - Torrance, CA","description":"Read more about \u00bfEmbarazada? in this post. Pregnancy Help Center offers free and confidential pregnancy services. Contact us","robots":{"index":"index","follow":"follow","max-snippet":"max-snippet:-1","max-image-preview":"max-image-preview:large","max-video-preview":"max-video-preview:-1"},"canonical":"https:\/\/phctorrance.org\/es\/embarazada\/","og_locale":"es_ES","og_type":"article","og_title":"\u00bfEmbarazada? - Pregnancy Help Center - Torrance, CA","og_description":"Read more about \u00bfEmbarazada? in this post. Pregnancy Help Center offers free and confidential pregnancy services. Contact us","og_url":"https:\/\/phctorrance.org\/es\/embarazada\/","og_site_name":"Pregnancy Help Center","article_modified_time":"2025-06-18T19:37:43+00:00","twitter_card":"summary_large_image","twitter_misc":{"Tiempo de lectura":"2 minutos"},"schema":{"@context":"https:\/\/schema.org","@graph":[{"@type":"WebPage","@id":"https:\/\/phctorrance.org\/es\/embarazada\/","url":"https:\/\/phctorrance.org\/es\/embarazada\/","name":"\u00bfEmbarazada? - Pregnancy Help Center - Torrance, CA","isPartOf":{"@id":"https:\/\/phctorrance.org\/#website"},"datePublished":"2021-05-27T13:30:37+00:00","dateModified":"2025-06-18T19:37:43+00:00","description":"Read more about \u00bfEmbarazada? in this post. Pregnancy Help Center offers free and confidential pregnancy services. Contact us","breadcrumb":{"@id":"https:\/\/phctorrance.org\/es\/embarazada\/#breadcrumb"},"inLanguage":"es","potentialAction":[{"@type":"ReadAction","target":["https:\/\/phctorrance.org\/es\/embarazada\/"]}]},{"@type":"BreadcrumbList","@id":"https:\/\/phctorrance.org\/es\/embarazada\/#breadcrumb","itemListElement":[{"@type":"ListItem","position":1,"name":"Home","item":"https:\/\/phctorrance.org\/es\/"},{"@type":"ListItem","position":2,"name":"\u00bfEmbarazada?"}]},{"@type":"WebSite","@id":"https:\/\/phctorrance.org\/#website","url":"https:\/\/phctorrance.org\/","name":"Pregnancy Help Center","description":"","potentialAction":[{"@type":"SearchAction","target":{"@type":"EntryPoint","urlTemplate":"https:\/\/phctorrance.org\/?s={search_term_string}"},"query-input":{"@type":"PropertyValueSpecification","valueRequired":true,"valueName":"search_term_string"}}],"inLanguage":"es"}]}},"_links":{"self":[{"href":"https:\/\/phctorrance.org\/es\/wp-json\/wp\/v2\/pages\/1046","targetHints":{"allow":["GET"]}}],"collection":[{"href":"https:\/\/phctorrance.org\/es\/wp-json\/wp\/v2\/pages"}],"about":[{"href":"https:\/\/phctorrance.org\/es\/wp-json\/wp\/v2\/types\/page"}],"author":[{"embeddable":true,"href":"https:\/\/phctorrance.org\/es\/wp-json\/wp\/v2\/users\/1"}],"replies":[{"embeddable":true,"href":"https:\/\/phctorrance.org\/es\/wp-json\/wp\/v2\/comments?post=1046"}],"version-history":[{"count":2,"href":"https:\/\/phctorrance.org\/es\/wp-json\/wp\/v2\/pages\/1046\/revisions"}],"predecessor-version":[{"id":2050,"href":"https:\/\/phctorrance.org\/es\/wp-json\/wp\/v2\/pages\/1046\/revisions\/2050"}],"wp:attachment":[{"href":"https:\/\/phctorrance.org\/es\/wp-json\/wp\/v2\/media?parent=1046"}],"curies":[{"name":"wp","href":"https:\/\/api.w.org\/{rel}","templated":true}]}}